{"id":3339,"date":"2021-10-29T11:07:21","date_gmt":"2021-10-29T11:07:21","guid":{"rendered":"https:\/\/www.umawealth.com\/home\/"},"modified":"2025-03-24T07:57:38","modified_gmt":"2025-03-24T07:57:38","slug":"home","status":"publish","type":"page","link":"https:\/\/www.umawealth.com\/pt-br\/","title":{"rendered":"Home"},"content":{"rendered":"<p>[vc_row foundry_padding=&#8221;pt0 pb0&#8243;][vc_column]\n\t\t\t<!-- START Home Page Slider REVOLUTION SLIDER 6.5.8 --><p class=\"rs-p-wp-fix\"><\/p>\n\t\t\t<rs-module-wrap id=\"rev_slider_1_1_wrapper\" data-source=\"gallery\" style=\"visibility:hidden;background:transparent;padding:0;margin:0px auto;margin-top:0;margin-bottom:0;\">\n\t\t\t\t<rs-module id=\"rev_slider_1_1\" style=\"\" data-version=\"6.5.8\">\n\t\t\t\t\t<rs-slides>\n\t\t\t\t\t\t<rs-slide style=\"position: absolute;\" data-key=\"rs-18\" data-title=\"Portuguese\" data-in=\"o:0;\" data-out=\"a:false;\">\n\t\t\t\t\t\t\t<img loading=\"lazy\" decoding=\"async\" src=\"\/\/www.umawealth.com\/wp-content\/plugins\/revslider\/public\/assets\/assets\/dummy.png\" title=\"front-page-slider\" width=\"1920\" height=\"945\" class=\"rev-slidebg tp-rs-img rs-lazyload\" data-lazyload=\"\/\/www.umawealth.com\/wp-content\/uploads\/2021\/10\/front-page-slider.jpg\" data-bg=\"p:center top;\" data-no-retina>\n<!--\n\t\t\t\t\t\t\t--><h1\n\t\t\t\t\t\t\t\tid=\"slider-1-slide-18-layer-0\" \n\t\t\t\t\t\t\t\tclass=\"rs-layer\"\n\t\t\t\t\t\t\t\tdata-type=\"text\"\n\t\t\t\t\t\t\t\tdata-xy=\"xo:120px,120px,120px,40px;y:m;\"\n\t\t\t\t\t\t\t\tdata-text=\"w:normal;s:40,40,40,15;l:45,45,45,17;\"\n\t\t\t\t\t\t\t\tdata-basealign=\"slide\"\n\t\t\t\t\t\t\t\tdata-rsp_bd=\"off\"\n\t\t\t\t\t\t\t\tdata-frame_999=\"o:0;st:w;\"\n\t\t\t\t\t\t\t\tstyle=\"z-index:9;font-family:'Roboto';\"\n\t\t\t\t\t\t\t>Atendimento \u00fanico e<br \/>\npersonalizado para<br \/>\natender as necessidades<br \/>\nde nossos clientes \n\t\t\t\t\t\t\t<\/h1><!--\n\n\t\t\t\t\t\t\t--><rs-layer\n\t\t\t\t\t\t\t\tid=\"slider-1-slide-18-layer-1\" \n\t\t\t\t\t\t\t\tdata-type=\"shape\"\n\t\t\t\t\t\t\t\tdata-rsp_ch=\"on\"\n\t\t\t\t\t\t\t\tdata-xy=\"xo:120px,120px,120px,40px;y:t,t,t,m;yo:400px,400px,400px,40px;\"\n\t\t\t\t\t\t\t\tdata-text=\"w:normal;s:20,20,20,7;l:0,0,0,9;\"\n\t\t\t\t\t\t\t\tdata-dim=\"w:200px,200px,200px,77px;h:3px,3px,3px,1px;\"\n\t\t\t\t\t\t\t\tdata-basealign=\"slide\"\n\t\t\t\t\t\t\t\tdata-frame_999=\"o:0;st:w;\"\n\t\t\t\t\t\t\t\tstyle=\"z-index:10;background-color:#fc6d39;\"\n\t\t\t\t\t\t\t> \n\t\t\t\t\t\t\t<\/rs-layer><!--\n\n\t\t\t\t\t\t\t--><rs-layer\n\t\t\t\t\t\t\t\tid=\"slider-1-slide-18-layer-3\" \n\t\t\t\t\t\t\t\tdata-type=\"shape\"\n\t\t\t\t\t\t\t\tdata-rsp_ch=\"on\"\n\t\t\t\t\t\t\t\tdata-text=\"w:normal;s:20,20,20,7;l:0,0,0,9;\"\n\t\t\t\t\t\t\t\tdata-dim=\"w:100%;h:100%;\"\n\t\t\t\t\t\t\t\tdata-basealign=\"slide\"\n\t\t\t\t\t\t\t\tdata-frame_999=\"o:0;st:w;\"\n\t\t\t\t\t\t\t\tstyle=\"z-index:8;background:linear-gradient(90deg, rgba(5,51,49,1) 0%, rgba(5,51,49,1) 1%, rgba(5,51,49,0.3) 50%, rgba(215,215,215,0) 100%);\"\n\t\t\t\t\t\t\t> \n\t\t\t\t\t\t\t<\/rs-layer><!--\n-->\t\t\t\t\t\t<\/rs-slide>\n\t\t\t\t\t<\/rs-slides>\n\t\t\t\t<\/rs-module>\n\t\t\t\t<script type=\"text\/javascript\">\n\t\t\t\t\tsetREVStartSize({c: 'rev_slider_1_1',rl:[1240,1240,1240,480],el:[600,600,600,400],gw:[1240,1240,1240,480],gh:[600,600,600,400],type:'hero',justify:'',layout:'fullwidth',mh:\"0\"});if (window.RS_MODULES!==undefined && window.RS_MODULES.modules!==undefined && window.RS_MODULES.modules[\"revslider11\"]!==undefined) {window.RS_MODULES.modules[\"revslider11\"].once = false;window.revapi1 = undefined;if (window.RS_MODULES.checkMinimal!==undefined) window.RS_MODULES.checkMinimal()}\n\t\t\t\t<\/script>\n\t\t\t<\/rs-module-wrap>\n\t\t\t<!-- END REVOLUTION SLIDER -->\n[\/vc_column][\/vc_row][vc_row foundry_padding=&#8221;pt0 pb0&#8243; el_class=&#8221;sec-pd-top&#8221;][vc_column][vc_column_text css=&#8221;.vc_custom_1636980391581{margin-bottom: 0px !important;}&#8221; el_class=&#8221;dark-green mx-width&#8221;]<\/p>\n<p style=\"text-align: center;\">O grupo UMA (\u201cGrupo UMA\u201d) \u00e9 formado por uma equipe de consultoria especializada em planejamento e reestrutura\u00e7\u00e3o patrimonial incluindo servi\u00e7os de trustee, fiduci\u00e1rio, operacional e de governan\u00e7a tanto \u00e0s familias, quanto a UHNW individuos, bem como \u00e0 comunidade de investidores, al\u00e9m de uma equipe especializada em estrutura\u00e7\u00e3o societ\u00e1ria e de fundos de investimentos sob medida.<\/p>\n<p>[\/vc_column_text][\/vc_column][\/vc_row][vc_row equal_height=&#8221;yes&#8221; foundry_padding=&#8221;pt0 pb0&#8243; el_class=&#8221;sec-pd-top&#8221;][vc_column css_animation=&#8221;fadeInLeft&#8221; width=&#8221;1\/2&#8243; el_class=&#8221;col-no-pd ship-img&#8221; css=&#8221;.vc_custom_1636637862662{background-image: url(https:\/\/www.umawealth.com\/wp-content\/uploads\/2021\/11\/boats.jpg?id=2517) !important;}&#8221;][\/vc_column][vc_column css_animation=&#8221;fadeInRight&#8221; width=&#8221;1\/2&#8243; css=&#8221;.vc_custom_1635954271864{background-color: #053331 !important;}&#8221; el_class=&#8221;col-no-pd col-pd-inner&#8221;][vc_column_text el_class=&#8221;text-white&#8221; css=&#8221;.vc_custom_1635769658884{margin-bottom: 10px !important;}&#8221;]<strong>somos uma<\/strong>[\/vc_column_text][vc_custom_heading text=&#8221;<b>U<\/b>nique<br \/>\n<b>M<\/b>indful<br \/>\n<b>A<\/b>ssured&#8221; font_container=&#8221;tag:h3|text_align:left|color:%23ffffff&#8221; use_theme_fonts=&#8221;yes&#8221; el_class=&#8221;orange-let&#8221;][vc_column_text el_class=&#8221;text-white&#8221;]Acreditamos firmemente que todos os clientes e fam\u00edlias que atentemos s\u00e3o <b>\u00fanicos<\/b> e merecem nossa aten\u00e7\u00e3o pessoal e dedicada. Nosso logo \u00e9 indicativo da nossa metodologia, e como uma impress\u00e3o digital, nossos servi\u00e7os s\u00e3o exclusivos e adaptados para atender \u00e0s necessidades dos nossos clientes.<\/p>\n<p>Somos <b>conscientes<\/b> da responsabilidade envolvida no suporte aos nossos clientes para alcan\u00e7ar seus objetivos.<\/p>\n<p>Como uma equipe de profissionais internacionais experientes e especializados, compreendemos os desafios que voc\u00ea, sua fam\u00edlia e sua empresa enfrentam, e nosso objetivo \u00e9 resolv\u00ea-los. Temos <b>certeza<\/b> de que podemos transformar os problemas em oportunidades significativas.[\/vc_column_text][vc_btn title=&#8221;saiba mais&#8221; style=&#8221;custom&#8221; custom_background=&#8221;rgba(255,255,255,0.01)&#8221; custom_text=&#8221;#ffffff&#8221; link=&#8221;url:https%3A%2F%2Fwww.umawealth.com%2Fpt-br%2Fsobre-nos%2F|title:Sobre&#8221; css=&#8221;.vc_custom_1663265611309{margin-bottom: 0px !important;}&#8221; el_class=&#8221;find-out-more-btn&#8221;][\/vc_column][\/vc_row][vc_row foundry_padding=&#8221;pt0 pb0&#8243; el_class=&#8221;sec-pd-top&#8221;][vc_column][vc_row_inner el_class=&#8221;alg-center&#8221; css=&#8221;.vc_custom_1635772523775{margin-bottom: 60px !important;}&#8221;][vc_column_inner][vc_custom_heading text=&#8221;Nossos servi\u00e7os&#8221; font_container=&#8221;tag:h3|text_align:center|color:%23fc6d39&#8243; use_theme_fonts=&#8221;yes&#8221; css_animation=&#8221;fadeInUpBig&#8221; el_class=&#8221;black-underline&#8221;][\/vc_column_inner][\/vc_row_inner][vc_row_inner el_class=&#8221;dsp-flex services-row&#8221;][vc_column_inner width=&#8221;5\/12&#8243;][vc_single_image image=&#8221;2561&#8243; img_size=&#8221;full&#8221; css_animation=&#8221;fadeInLeft&#8221; el_class=&#8221;cube-behind orange-box&#8221;][\/vc_column_inner][vc_column_inner el_class=&#8221;services-info-col&#8221; width=&#8221;5\/12&#8243;][vc_custom_heading text=&#8221;Servi\u00e7os de Planejamento Patrimonial Internacionais&#8221; font_container=&#8221;tag:h3|text_align:left|color:%23053331&#8243; use_theme_fonts=&#8221;yes&#8221; css_animation=&#8221;fadeInRight&#8221;][vc_single_image image=&#8221;16&#8243; img_size=&#8221;full&#8221; css_animation=&#8221;fadeInRight&#8221; el_class=&#8221;uma-services-logo&#8221;][vc_btn title=&#8221;saiba mais&#8221; style=&#8221;custom&#8221; custom_background=&#8221;rgba(255,255,255,0.01)&#8221; custom_text=&#8221;#053331&#8243; css_animation=&#8221;fadeInRight&#8221; link=&#8221;url:https%3A%2F%2Fwww.umawealth.com%2Fpt-br%2Fnossos-servicos%2F%23cross-border-wealth-planning|title:Nossos%20servi%C3%A7os&#8221; el_class=&#8221;services-find-out-more-btn orange&#8221;][\/vc_column_inner][vc_column_inner width=&#8221;1\/12&#8243;][\/vc_column_inner][\/vc_row_inner][vc_row_inner el_class=&#8221;dsp-flex services-row&#8221;][vc_column_inner width=&#8221;2\/12&#8243;][\/vc_column_inner][vc_column_inner width=&#8221;5\/12&#8243;][vc_single_image image=&#8221;2562&#8243; img_size=&#8221;full&#8221; css_animation=&#8221;fadeInLeft&#8221; el_class=&#8221;cube-behind blue-box&#8221;][\/vc_column_inner][vc_column_inner el_class=&#8221;services-info-col&#8221; width=&#8221;5\/12&#8243;][vc_custom_heading text=&#8221;Planejamento Imobili\u00e1rio e Fiduci\u00e1rio&#8221; font_container=&#8221;tag:h3|text_align:left|color:%230da8e1&#8243; use_theme_fonts=&#8221;yes&#8221; css_animation=&#8221;fadeInRight&#8221;][vc_single_image image=&#8221;25&#8243; img_size=&#8221;full&#8221; css_animation=&#8221;fadeInRight&#8221; el_class=&#8221;uma-services-logo&#8221;][vc_btn title=&#8221;saiba mais&#8221; style=&#8221;custom&#8221; custom_background=&#8221;rgba(255,255,255,0.01)&#8221; custom_text=&#8221;#0da8e1&#8243; css_animation=&#8221;fadeInRight&#8221; link=&#8221;url:https%3A%2F%2Fwww.umawealth.com%2Fpt-br%2Fnossos-servicos%2F%23trust-and-estate-planning|title:Nossos%20servi%C3%A7os&#8221; el_class=&#8221;services-find-out-more-btn dark-green&#8221;][\/vc_column_inner][\/vc_row_inner][vc_row_inner el_class=&#8221;dsp-flex services-row&#8221;][vc_column_inner el_class=&#8221;ord-2&#8243; width=&#8221;5\/12&#8243;][vc_custom_heading text=&#8221;Servi\u00e7os de Protetor para Trusts&#8221; font_container=&#8221;tag:h3|text_align:left|color:%23fc6d39&#8243; use_theme_fonts=&#8221;yes&#8221; css_animation=&#8221;fadeInLeft&#8221;][vc_single_image image=&#8221;16&#8243; img_size=&#8221;full&#8221; css_animation=&#8221;fadeInLeft&#8221; el_class=&#8221;uma-services-logo&#8221;][vc_btn title=&#8221;saiba mais&#8221; style=&#8221;custom&#8221; custom_background=&#8221;rgba(255,255,255,0.01)&#8221; custom_text=&#8221;#fc6d39&#8243; css_animation=&#8221;fadeInLeft&#8221; link=&#8221;url:https%3A%2F%2Fwww.umawealth.com%2Fpt-br%2Fnossos-servicos%2F%23trust-protector-services|title:Nossos%20servi%C3%A7os&#8221; el_class=&#8221;services-find-out-more-btn dark-green&#8221;][\/vc_column_inner][vc_column_inner el_class=&#8221;ord-1&#8243; width=&#8221;5\/12&#8243;][vc_single_image image=&#8221;2563&#8243; img_size=&#8221;full&#8221; css_animation=&#8221;fadeInRight&#8221; el_class=&#8221;cube-behind grey-box&#8221;][\/vc_column_inner][vc_column_inner width=&#8221;2\/12&#8243;][\/vc_column_inner][\/vc_row_inner][vc_row_inner el_class=&#8221;services-row&#8221;][vc_column_inner][vc_btn title=&#8221;veja todos nossos servi\u00e7os&#8221; style=&#8221;custom&#8221; custom_background=&#8221;rgba(255,255,255,0.01)&#8221; custom_text=&#8221;#053331&#8243; align=&#8221;center&#8221; link=&#8221;url:https%3A%2F%2Fwww.umawealth.com%2Fpt-br%2Fnossos-servicos%2F|title:Nossos%20servi%C3%A7os&#8221; el_class=&#8221;find-out-more-btn services-arrow&#8221;][\/vc_column_inner][\/vc_row_inner][\/vc_column][\/vc_row][vc_row equal_height=&#8221;yes&#8221; foundry_padding=&#8221;pt0 pb0&#8243; el_class=&#8221;sec-pd-top&#8221;][vc_column css_animation=&#8221;fadeInLeft&#8221; width=&#8221;1\/2&#8243; css=&#8221;.vc_custom_1635952793756{background-color: #fc6d39 !important;}&#8221; el_class=&#8221;col-no-pd col-pd-inner ontop-padding&#8221;][vc_column_text el_class=&#8221;text-white&#8221; css=&#8221;.vc_custom_1635862791812{margin-bottom: 10px !important;}&#8221;]nossos valores e objetivos[\/vc_column_text][vc_custom_heading text=&#8221;Na UMA, trabalhamos em conjunto com nossos clientes e seus consultores pessoais para compreender todas as circunst\u00e2ncias que envolvem seus neg\u00f3cios, suas fam\u00edlias e suas necessidades pessoais e particulares.&#8221; font_container=&#8221;tag:h4|text_align:left|color:%23ffffff&#8221; use_theme_fonts=&#8221;yes&#8221;][vc_column_text el_class=&#8221;text-white&#8221;]Somente trabalhando juntos podemos garantir que as necessidades dos nossos clientes sejam completamente atendidas.[\/vc_column_text][vc_btn title=&#8221;saiba mais&#8221; style=&#8221;custom&#8221; custom_background=&#8221;rgba(255,255,255,0.01)&#8221; custom_text=&#8221;#ffffff&#8221; link=&#8221;url:https%3A%2F%2Fwww.umawealth.com%2Fpt-br%2Fnossa-metodologia%2F|title:Nossa%20metodologia&#8221; el_class=&#8221;find-out-more-btn white-underline&#8221; css=&#8221;.vc_custom_1662059065182{margin-bottom: 0px !important;}&#8221;][\/vc_column][vc_column css_animation=&#8221;fadeInRight&#8221; width=&#8221;1\/2&#8243; css=&#8221;.vc_custom_1635952787938{background-image: url(https:\/\/www.umawealth.com\/wp-content\/uploads\/2021\/10\/mercedes-steering-wheel.jpg?id=26) !important;}&#8221; el_class=&#8221;car-img col-no-pd&#8221;][\/vc_column][\/vc_row][vc_row foundry_padding=&#8221;pt0 pb0&#8243; el_class=&#8221;sec-pd-top&#8221;][vc_column][vc_row_inner el_class=&#8221;alg-center&#8221; css=&#8221;.vc_custom_1635772523775{margin-bottom: 60px !important;}&#8221;][vc_column_inner][vc_custom_heading text=&#8221;Nossa equipe&#8221; font_container=&#8221;tag:h3|text_align:center|color:%23fc6d39&#8243; use_theme_fonts=&#8221;yes&#8221; css_animation=&#8221;fadeInUpBig&#8221; el_class=&#8221;black-underline&#8221;][\/vc_column_inner][\/vc_row_inner][\/vc_column][\/vc_row][vc_row foundry_padding=&#8221;pt0 pb0&#8243; el_class=&#8221;team-members-row sec-pd-top team-members-desktop&#8221;][vc_column css_animation=&#8221;fadeInLeft&#8221; width=&#8221;1\/2&#8243;][vc_single_image image=&#8221;170&#8243; img_size=&#8221;full&#8221; el_class=&#8221;member-img cube-behind-member green-box popmake-3354&#8243;][vc_row_inner el_class=&#8221;team-first-col-pd&#8221;][vc_column_inner el_class=&#8221;col-no-pd&#8221;][vc_custom_heading text=&#8221;Geralda Kral, LLM, TEP&#8221; font_container=&#8221;tag:h2|text_align:right|color:%23fc6d39&#8243; use_theme_fonts=&#8221;yes&#8221; el_class=&#8221;name&#8221;][vc_custom_heading text=&#8221;Diretora executiva da UMA Swiss AG e s\u00f3cia do Grupo UMA | UMA Wealth (Switzerland) AG&#8221; font_container=&#8221;tag:h4|text_align:right|color:%23053331&#8243; use_theme_fonts=&#8221;yes&#8221; el_class=&#8221;job-title&#8221;][\/vc_column_inner][\/vc_row_inner][vc_single_image image=&#8221;2687&#8243; img_size=&#8221;full&#8221; el_class=&#8221;member-img cube-behind-member green-box popmake-3287&#8243;][\/vc_column][vc_column css_animation=&#8221;fadeInRight&#8221; width=&#8221;1\/2&#8243; el_class=&#8221;members-col-custom-top-pd&#8221;][vc_row_inner el_class=&#8221;ord-2&#8243;][vc_column_inner el_class=&#8221;col-no-pd team-second-col-pd&#8221;][vc_custom_heading text=&#8221;\u00c1lvaro Becerra&#8221; font_container=&#8221;tag:h2|text_align:left|color:%23053331&#8243; use_theme_fonts=&#8221;yes&#8221; el_class=&#8221;name&#8221;][vc_custom_heading text=&#8221;Presidente Executivo e S\u00f3cio do Grupo UMA&#8221; font_container=&#8221;tag:h4|text_align:left|color:%23fc6d39&#8243; use_theme_fonts=&#8221;yes&#8221; el_class=&#8221;job-title&#8221;][\/vc_column_inner][\/vc_row_inner][vc_single_image image=&#8221;171&#8243; img_size=&#8221;full&#8221; el_class=&#8221;member-img ord-1 cube-behind-member orange-box popmake-3357&#8243;][vc_row_inner el_class=&#8221;ord-2&#8243;][vc_column_inner el_class=&#8221;col-no-pd team-second-col-pd&#8221;][vc_custom_heading text=&#8221;Fabio Mastrosimone&#8221; font_container=&#8221;tag:h2|text_align:left|color:%23053331&#8243; use_theme_fonts=&#8221;yes&#8221; el_class=&#8221;name&#8221;][vc_custom_heading text=&#8221;Partner &amp; Managing Director&#8221; font_container=&#8221;tag:h4|text_align:left|color:%23fc6d39&#8243; use_theme_fonts=&#8221;yes&#8221; el_class=&#8221;job-title&#8221;][\/vc_column_inner][\/vc_row_inner][\/vc_column][\/vc_row][vc_row foundry_padding=&#8221;pt0 pb0&#8243; el_class=&#8221;team-members-row sec-pd-top our-team-mobile&#8221;][vc_column css_animation=&#8221;fadeInLeft&#8221; width=&#8221;1\/3&#8243;][vc_single_image image=&#8221;170&#8243; img_size=&#8221;full&#8221; el_class=&#8221;member-img cube-behind-member green-box popmake-3354&#8243;][vc_row_inner el_class=&#8221;team-first-col-pd&#8221;][vc_column_inner el_class=&#8221;col-no-pd&#8221;][vc_custom_heading text=&#8221;\u00c1lvaro Becerra&#8221; font_container=&#8221;tag:h2|text_align:left|color:%23053331&#8243; use_theme_fonts=&#8221;yes&#8221; el_class=&#8221;name&#8221;][vc_custom_heading text=&#8221;Presidente Executivo e S\u00f3cio do Grupo UMA&#8221; font_container=&#8221;tag:h4|text_align:left|color:%23fc6d39&#8243; use_theme_fonts=&#8221;yes&#8221; el_class=&#8221;job-title&#8221;][\/vc_column_inner][\/vc_row_inner][\/vc_column][vc_column css_animation=&#8221;fadeInRight&#8221; width=&#8221;1\/3&#8243; el_class=&#8221;members-col-custom-top-pd&#8221;][vc_row_inner el_class=&#8221;ord-2&#8243;][vc_column_inner el_class=&#8221;col-no-pd team-second-col-pd&#8221;][vc_custom_heading text=&#8221;Geralda Kral, LLM, TEP&#8221; font_container=&#8221;tag:h2|text_align:right|color:%23fc6d39&#8243; use_theme_fonts=&#8221;yes&#8221; el_class=&#8221;name&#8221;][vc_custom_heading text=&#8221;Diretora executiva da UMA Swiss AG e s\u00f3cia do Grupo UMA | UMA Wealth (Switzerland) AG&#8221; font_container=&#8221;tag:h4|text_align:right|color:%23053331&#8243; use_theme_fonts=&#8221;yes&#8221; el_class=&#8221;job-title&#8221;][\/vc_column_inner][\/vc_row_inner][vc_single_image image=&#8221;171&#8243; img_size=&#8221;full&#8221; el_class=&#8221;member-img ord-1 cube-behind-member orange-box popmake-3357&#8243;][\/vc_column][vc_column width=&#8221;1\/3&#8243;][vc_single_image image=&#8221;2687&#8243; img_size=&#8221;full&#8221; el_class=&#8221;member-img cube-behind-member green-box popmake-3287&#8243;][vc_row_inner el_class=&#8221;team-first-col-pd&#8221;][vc_column_inner el_class=&#8221;col-no-pd&#8221;][vc_custom_heading text=&#8221;Fabio Mastrosimone&#8221; font_container=&#8221;tag:h2|text_align:left|color:%23053331&#8243; use_theme_fonts=&#8221;yes&#8221; el_class=&#8221;name&#8221;][vc_custom_heading text=&#8221;Diretor-gerente | UMA Wealth (Luxembourg) S.\u00e0 r.l&#8221; font_container=&#8221;tag:h4|text_align:left|color:%23fc6d39&#8243; use_theme_fonts=&#8221;yes&#8221; el_class=&#8221;job-title&#8221;][\/vc_column_inner][\/vc_row_inner][\/vc_column][\/vc_row][vc_row foundry_padding=&#8221;pt0 pb0&#8243; css=&#8221;.vc_custom_1635863395754{padding-top: 30px !important;padding-bottom: 60px !important;}&#8221;][vc_column][vc_btn title=&#8221;conhe\u00e7a nossa equipe&#8221; style=&#8221;custom&#8221; custom_background=&#8221;rgba(255,255,255,0.01)&#8221; custom_text=&#8221;#053331&#8243; align=&#8221;center&#8221; link=&#8221;url:https%3A%2F%2Fwww.umawealth.com%2Fpt-br%2Fsobre-nos%2F%23our-team|title:Sobre&#8221; el_class=&#8221;find-out-more-btn services-arrow&#8221;][\/vc_column][\/vc_row][vc_row css=&#8221;.vc_custom_1737365754203{background-image: url(https:\/\/www.umawealth.com\/wp-content\/uploads\/2021\/11\/oliver-sjostrom-J_dHJbNMlms-unsplash.jpg?id=374) !important;}&#8221;][vc_column width=&#8221;1\/2&#8243;][vc_custom_heading text=&#8221;Celebra\u00e7\u00e3o dos nossos<br \/>\nprimeiros cinco anos&#8221; font_container=&#8221;tag:h2|text_align:left|color:%23ffffff&#8221; use_theme_fonts=&#8221;yes&#8221; el_class=&#8221;orange-let&#8221;][vc_separator color=&#8221;custom&#8221; align=&#8221;align_left&#8221; border_width=&#8221;4&#8243; el_width=&#8221;30&#8243; accent_color=&#8221;#fc6d39&#8243;][\/vc_column][vc_column width=&#8221;1\/2&#8243;][vc_btn title=&#8221;Ver v\u00eddeo&#8221; style=&#8221;gradient-custom&#8221; gradient_custom_color_1=&#8221;#fc6d39&#8243; gradient_custom_color_2=&#8221;#fc6d39&#8243; size=&#8221;lg&#8221; align=&#8221;right&#8221; i_icon_fontawesome=&#8221;far fa-play-circle&#8221; add_icon=&#8221;true&#8221; link=&#8221;url:https%3A%2F%2Fyoutu.be%2FI7MOhdPUuYQ|target:_blank&#8221;][\/vc_column][\/vc_row]<\/p>\n","protected":false},"excerpt":{"rendered":"<p>[vc_row foundry_padding=&#8221;pt0 pb0&#8243;][vc_column][\/vc_column][\/vc_row][vc_row foundry_padding=&#8221;pt0 pb0&#8243; el_class=&#8221;sec-pd-top&#8221;][vc_column][vc_column_text css=&#8221;.vc_custom_1636980391581{margin-bottom: 0px !important;}&#8221; el_class=&#8221;dark-green mx-width&#8221;] O grupo UMA (\u201cGrupo UMA\u201d) \u00e9 formado por uma equipe&#8230;<\/p>\n","protected":false},"author":1,"featured_media":0,"parent":0,"menu_order":0,"comment_status":"closed","ping_status":"closed","template":"","meta":{"footnotes":""},"class_list":["post-3339","page","type-page","status-publish","hentry"],"_links":{"self":[{"href":"https:\/\/www.umawealth.com\/pt-br\/wp-json\/wp\/v2\/pages\/3339","targetHints":{"allow":["GET"]}}],"collection":[{"href":"https:\/\/www.umawealth.com\/pt-br\/wp-json\/wp\/v2\/pages"}],"about":[{"href":"https:\/\/www.umawealth.com\/pt-br\/wp-json\/wp\/v2\/types\/page"}],"author":[{"embeddable":true,"href":"https:\/\/www.umawealth.com\/pt-br\/wp-json\/wp\/v2\/users\/1"}],"replies":[{"embeddable":true,"href":"https:\/\/www.umawealth.com\/pt-br\/wp-json\/wp\/v2\/comments?post=3339"}],"version-history":[{"count":11,"href":"https:\/\/www.umawealth.com\/pt-br\/wp-json\/wp\/v2\/pages\/3339\/revisions"}],"predecessor-version":[{"id":5336,"href":"https:\/\/www.umawealth.com\/pt-br\/wp-json\/wp\/v2\/pages\/3339\/revisions\/5336"}],"wp:attachment":[{"href":"https:\/\/www.umawealth.com\/pt-br\/wp-json\/wp\/v2\/media?parent=3339"}],"curies":[{"name":"wp","href":"https:\/\/api.w.org\/{rel}","templated":true}]}}