{"id":3336,"date":"2021-11-05T09:31:38","date_gmt":"2021-11-05T09:31:38","guid":{"rendered":"https:\/\/www.umawealth.com\/contate-nos\/"},"modified":"2026-02-03T17:04:18","modified_gmt":"2026-02-03T17:04:18","slug":"contate-nos","status":"publish","type":"page","link":"https:\/\/www.umawealth.com\/pt-br\/contate-nos\/","title":{"rendered":"Contate-Nos"},"content":{"rendered":"<p>[vc_row foundry_padding=&#8221;pt0 pb0&#8243;][vc_column]\n\t\t\t<!-- START Contact Page Slider REVOLUTION SLIDER 6.5.8 --><p class=\"rs-p-wp-fix\"><\/p>\n\t\t\t<rs-module-wrap id=\"rev_slider_4_1_wrapper\" data-source=\"gallery\" style=\"visibility:hidden;background:transparent;padding:0;margin:0px auto;margin-top:0;margin-bottom:0;\">\n\t\t\t\t<rs-module id=\"rev_slider_4_1\" style=\"\" data-version=\"6.5.8\">\n\t\t\t\t\t<rs-slides>\n\t\t\t\t\t\t<rs-slide style=\"position: absolute;\" data-key=\"rs-17\" data-title=\"Portuguese\" data-in=\"o:0;\" data-out=\"a:false;\">\n\t\t\t\t\t\t\t<img loading=\"lazy\" decoding=\"async\" src=\"\/\/www.umawealth.com\/wp-content\/plugins\/revslider\/public\/assets\/assets\/dummy.png\" title=\"Contact Us Banner\" width=\"1920\" height=\"945\" class=\"rev-slidebg tp-rs-img rs-lazyload\" data-lazyload=\"\/\/www.umawealth.com\/wp-content\/uploads\/2021\/11\/Contact-Us-Banner.jpg\" data-no-retina>\n<!--\n\t\t\t\t\t\t\t--><h1\n\t\t\t\t\t\t\t\tid=\"slider-4-slide-17-layer-0\" \n\t\t\t\t\t\t\t\tclass=\"rs-layer\"\n\t\t\t\t\t\t\t\tdata-type=\"text\"\n\t\t\t\t\t\t\t\tdata-xy=\"xo:120px,120px,120px,40px;y:m;\"\n\t\t\t\t\t\t\t\tdata-text=\"w:normal;s:40,40,40,15;l:45,45,45,17;\"\n\t\t\t\t\t\t\t\tdata-basealign=\"slide\"\n\t\t\t\t\t\t\t\tdata-rsp_bd=\"off\"\n\t\t\t\t\t\t\t\tdata-frame_999=\"o:0;st:w;\"\n\t\t\t\t\t\t\t\tstyle=\"z-index:9;font-family:'Roboto';\"\n\t\t\t\t\t\t\t>Onde voc\u00ea pode<br \/>\nnos encontrar \n\t\t\t\t\t\t\t<\/h1><!--\n\n\t\t\t\t\t\t\t--><rs-layer\n\t\t\t\t\t\t\t\tid=\"slider-4-slide-17-layer-1\" \n\t\t\t\t\t\t\t\tdata-type=\"shape\"\n\t\t\t\t\t\t\t\tdata-rsp_ch=\"on\"\n\t\t\t\t\t\t\t\tdata-xy=\"xo:120px,120px,120px,40px;y:m;yo:70px,70px,70px,40px;\"\n\t\t\t\t\t\t\t\tdata-text=\"w:normal;s:20,20,20,7;l:0,0,0,9;\"\n\t\t\t\t\t\t\t\tdata-dim=\"w:200px,200px,200px,77px;h:3px,3px,3px,1px;\"\n\t\t\t\t\t\t\t\tdata-basealign=\"slide\"\n\t\t\t\t\t\t\t\tdata-frame_999=\"o:0;st:w;\"\n\t\t\t\t\t\t\t\tstyle=\"z-index:10;background-color:#fc6d39;\"\n\t\t\t\t\t\t\t> \n\t\t\t\t\t\t\t<\/rs-layer><!--\n\n\t\t\t\t\t\t\t--><rs-layer\n\t\t\t\t\t\t\t\tid=\"slider-4-slide-17-layer-3\" \n\t\t\t\t\t\t\t\tdata-type=\"shape\"\n\t\t\t\t\t\t\t\tdata-rsp_ch=\"on\"\n\t\t\t\t\t\t\t\tdata-text=\"w:normal;s:20,20,20,7;l:0,0,0,9;\"\n\t\t\t\t\t\t\t\tdata-dim=\"w:100%;h:100%;\"\n\t\t\t\t\t\t\t\tdata-basealign=\"slide\"\n\t\t\t\t\t\t\t\tdata-frame_999=\"o:0;st:w;\"\n\t\t\t\t\t\t\t\tstyle=\"z-index:8;background:linear-gradient(90deg, rgba(5,51,49,1) 0%, rgba(5,51,49,0.5) 52%, rgba(49,85,84,0) 62%, rgba(215,215,215,0) 100%);\"\n\t\t\t\t\t\t\t> \n\t\t\t\t\t\t\t<\/rs-layer><!--\n-->\t\t\t\t\t\t<\/rs-slide>\n\t\t\t\t\t<\/rs-slides>\n\t\t\t\t<\/rs-module>\n\t\t\t\t<script type=\"text\/javascript\">\n\t\t\t\t\tsetREVStartSize({c: 'rev_slider_4_1',rl:[1240,1240,1240,480],el:[600,600,600,400],gw:[1240,1240,1240,480],gh:[600,600,600,400],type:'hero',justify:'',layout:'fullwidth',mh:\"0\"});if (window.RS_MODULES!==undefined && window.RS_MODULES.modules!==undefined && window.RS_MODULES.modules[\"revslider41\"]!==undefined) {window.RS_MODULES.modules[\"revslider41\"].once = false;window.revapi4 = undefined;if (window.RS_MODULES.checkMinimal!==undefined) window.RS_MODULES.checkMinimal()}\n\t\t\t\t<\/script>\n\t\t\t<\/rs-module-wrap>\n\t\t\t<!-- END REVOLUTION SLIDER -->\n[\/vc_column][\/vc_row][vc_row foundry_padding=&#8221;pt0 pb0&#8243; el_class=&#8221;sec-pd-top dsp-flx&#8221;][vc_column width=&#8221;1\/2&#8243;][vc_tta_accordion style=&#8221;modern&#8221; shape=&#8221;square&#8221; color=&#8221;white&#8221; c_icon=&#8221;triangle&#8221; c_position=&#8221;right&#8221; active_section=&#8221;1&#8243; no_fill=&#8221;true&#8221; el_id=&#8221;addresses-col&#8221;][vc_tta_section title=&#8221;Londres&#8221; tab_id=&#8221;london&#8221; el_class=&#8221;london&#8221;][vc_custom_heading text=&#8221;UMA Wealth (UK) Ltd.&#8221; font_container=&#8221;tag:h4|text_align:left|color:%23084e4b&#8221; use_theme_fonts=&#8221;yes&#8221; css=&#8221;.vc_custom_1637230546597{margin-bottom: 10px !important;}&#8221;][vc_column_text el_class=&#8221;lighter-green address-info&#8221;]111 Park Street<br \/>\nLondres W1K 7JF<br \/>\nUnited Kingdom<br \/>\n<a href=\"mailto:contact@umawealth.com\">contact@umawealth.com<\/a><br \/>\n<a href=\"tel:44%20207%20268%204865\">+44 (0) 207 038 6203<\/a>[\/vc_column_text][\/vc_tta_section][vc_tta_section title=&#8221;Zug&#8221; tab_id=&#8221;zug&#8221; el_class=&#8221;zug&#8221;][vc_custom_heading text=&#8221;UMA Wealth (Switzerland) AG&#8221; font_container=&#8221;tag:h4|text_align:left|color:%23084e4b&#8221; use_theme_fonts=&#8221;yes&#8221; css=&#8221;.vc_custom_1636371408285{margin-bottom: 10px !important;}&#8221;][vc_column_text el_class=&#8221;lighter-green address-info&#8221;]<\/p>\n<p style=\"font-weight: 400;\">Neugasse 12<br \/>\n6300 Zug<br \/>\nSu\u00ed\u00e7a<br \/>\n<a href=\"mailto:contact@umawealth.com\">contact@umawealth.com<\/a><br \/>\n<a href=\"tel:+417104567\">+41 710 45 67<\/a><\/p>\n<p>[\/vc_column_text][\/vc_tta_section][vc_tta_section title=&#8221;Zurique&#8221; tab_id=&#8221;zurich&#8221; el_class=&#8221;zurich&#8221;][vc_custom_heading text=&#8221;UMA Swiss AG&#8221; font_container=&#8221;tag:h4|text_align:left|color:%23084e4b&#8221; use_theme_fonts=&#8221;yes&#8221; css=&#8221;.vc_custom_1636371415337{margin-bottom: 10px !important;}&#8221;][vc_column_text el_class=&#8221;lighter-green address-info&#8221;]General-Guisan-Quai 30, 3<sup>rd<\/sup>\u00a0Floor<br \/>\n8002 Zurich<br \/>\nSu\u00ed\u00e7a<br \/>\n<a href=\"mailto:contact@umaswiss.com\">contact@umaswiss.com<\/a><br \/>\n<a href=\"tel:%2041%2044%20500%203350\">+41 44 500 3350<\/a>[\/vc_column_text][\/vc_tta_section][vc_tta_section title=&#8221;Luxemburgo&#8221; tab_id=&#8221;luxembourg&#8221; el_class=&#8221;luxembourg&#8221;][vc_custom_heading text=&#8221;UMA Wealth Corporate S.a.r.l.&#8221; font_container=&#8221;tag:h4|text_align:left|color:%23084e4b&#8221; use_theme_fonts=&#8221;yes&#8221; css=&#8221;.vc_custom_1770138255244{margin-bottom: 10px !important;}&#8221;][vc_column_text el_class=&#8221;lighter-green address-info&#8221;]9 rue Schiller,<br \/>\nL-2519 Luxembourg.<br \/>\nGrand Duchy of Luxembourg<br \/>\n<a href=\"mailto:contact@umawealth.com\">contact@umawealth.com<\/a><br \/>\n<a href=\"tel:%20352%2028%2080%2066%2097\">+352 28 80 66 97<\/a>[\/vc_column_text][\/vc_tta_section][vc_tta_section title=&#8221;Larnaca&#8221; tab_id=&#8221;lanarca&#8221; el_class=&#8221;lanarca&#8221;][vc_custom_heading text=&#8221;UMA Wealth Shared Support Services Ltd.&#8221; font_container=&#8221;tag:h4|text_align:left|color:%23084e4b&#8221; use_theme_fonts=&#8221;yes&#8221; css=&#8221;.vc_custom_1657566437551{margin-bottom: 10px !important;}&#8221;][vc_column_text el_class=&#8221;lighter-green address-info&#8221;]Simou Menardou 8<br \/>\nRia Court 8, 4 th floor, flat\/office 402<br \/>\n6015 Larnaca<br \/>\nCyprus<br \/>\n<a href=\"mailto:contact@umawealth.com\">contact@umawealth.com<\/a>[\/vc_column_text][\/vc_tta_section][\/vc_tta_accordion][\/vc_column][vc_column width=&#8221;1\/2&#8243;][vc_gmaps link=&#8221;#E-8_JTNDaWZyYW1lJTIwd2lkdGglM0QlMjI2MDAlMjIlMjBoZWlnaHQlM0QlMjI0NTAlMjIlMjBmcmFtZWJvcmRlciUzRCUyMjAlMjIlMjBzY3JvbGxpbmclM0QlMjJubyUyMiUyMG1hcmdpbmhlaWdodCUzRCUyMjAlMjIlMjBtYXJnaW53aWR0aCUzRCUyMjAlMjIlMjBzcmMlM0QlMjJodHRwcyUzQSUyRiUyRm1hcHMuZ29vZ2xlLmNvbSUyRm1hcHMlM0Z3aWR0aCUzRDYwMCUyNmFtcCUzQmhlaWdodCUzRDQ1MCUyNmFtcCUzQmhsJTNEZXMlMjZhbXAlM0JxJTNEMTExJTI1MjBQYXJrJTI1MjBTdHJlZXQlMjUyMExvbmRvbiUyNTIwVzFLJTI1MjA3SkYlMkIlMjhNaSUyNTIwbm9tYnJlJTI1MjBkZSUyNTIwZWdvY2lvcyUyOSUyNmFtcCUzQnQlM0QlMjZhbXAlM0J6JTNEMjAlMjZhbXAlM0JpZSUzRFVURjglMjZhbXAlM0Jpd2xvYyUzREIlMjZhbXAlM0JvdXRwdXQlM0RlbWJlZCUyMiUzRSUzQyUyRmlmcmFtZSUzRSUwQQ==&#8221; css=&#8221;.vc_custom_1709812536879{margin-bottom: 0px !important;}&#8221; el_class=&#8221;london-map map&#8221;][vc_gmaps link=&#8221;#E-8_JTNDaWZyYW1lJTIwc3JjJTNEJTIyaHR0cHMlM0ElMkYlMkZ3d3cuZ29vZ2xlLmNvbSUyRm1hcHMlMkZlbWJlZCUzRnBiJTNEJTIxMW0xOCUyMTFtMTIlMjExbTMlMjExZDI3MTIuNTIxNTA5NTI4ODM1JTIxMmQ4LjUxMjg4MTE3NzU1MTU2OCUyMTNkNDcuMTY3MjI1MDcxMTUyODElMjEybTMlMjExZjAlMjEyZjAlMjEzZjAlMjEzbTIlMjExaTEwMjQlMjEyaTc2OCUyMTRmMTMuMSUyMTNtMyUyMTFtMiUyMTFzMHg0NzlhYWFmNzQ5YmEzMWZmJTI1M0EweGE5NzE4MDliYzA0MjY4ZDIlMjEyc05ldWdhc3NlJTI1MjAxMiUyNTJDJTI1MjA2MzAwJTI1MjBadWclMjUyQyUyNTIwU3VpemElMjE1ZTAlMjEzbTIlMjExc2VzJTIxMnNlcyUyMTR2MTczODIyOTk4MjIwMyUyMTVtMiUyMTFzZXMlMjEyc2VzJTIyJTIwd2lkdGglM0QlMjI2MDAlMjIlMjBoZWlnaHQlM0QlMjI0NTAlMjIlMjBzdHlsZSUzRCUyMmJvcmRlciUzQTAlM0IlMjIlMjBhbGxvd2Z1bGxzY3JlZW4lM0QlMjIlMjIlMjBsb2FkaW5nJTNEJTIybGF6eSUyMiUyMHJlZmVycmVycG9saWN5JTNEJTIybm8tcmVmZXJyZXItd2hlbi1kb3duZ3JhZGUlMjIlM0UlM0MlMkZpZnJhbWUlM0U=&#8221; css=&#8221;.vc_custom_1738230251757{margin-bottom: 0px !important;}&#8221; el_class=&#8221;map zug-map&#8221;][vc_gmaps link=&#8221;#E-8_JTNDaWZyYW1lJTIwc3JjJTNEJTIyaHR0cHMlM0ElMkYlMkZ3d3cuZ29vZ2xlLmNvbSUyRm1hcHMlMkZlbWJlZCUzRnBiJTNEJTIxMW0xOCUyMTFtMTIlMjExbTMlMjExZDcyNC4xMDQ3NjMwNzUzNjQ1JTIxMmQ4LjUzNTU2MjUwNDAzMTQxMSUyMTNkNDcuMzY0MDQ5NTY0NTgyNzE0JTIxMm0zJTIxMWYwJTIxMmYwJTIxM2YwJTIxM20yJTIxMWkxMDI0JTIxMmk3NjglMjE0ZjEzLjElMjEzbTMlMjExbTIlMjExczB4NDc5MDA5ZmVlNGIyZDRlYiUyNTNBMHgyYjQ4ZTNhOWZiMTQzMWU5JTIxMnNHZW5lcmFsLUd1aXNhbi1RdWFpJTI1MjAzMCUyNTJDJTI1MjA4MDAyJTI1MjBaJTI1QzMlMjVCQ3JpY2glMjUyQyUyNTIwU3VpemElMjE1ZTAlMjEzbTIlMjExc2VzJTIxMnNlcyUyMTR2MTcwNzEzMzcwMzAzMyUyMTVtMiUyMTFzZXMlMjEyc2VzJTIyJTIwd2lkdGglM0QlMjI2MDAlMjIlMjBoZWlnaHQlM0QlMjI0NTAlMjIlMjBzdHlsZSUzRCUyMmJvcmRlciUzQTAlM0IlMjIlMjBhbGxvd2Z1bGxzY3JlZW4lM0QlMjIlMjIlMjBsb2FkaW5nJTNEJTIybGF6eSUyMiUyMHJlZmVycmVycG9saWN5JTNEJTIybm8tcmVmZXJyZXItd2hlbi1kb3duZ3JhZGUlMjIlM0UlM0MlMkZpZnJhbWUlM0U=&#8221; css=&#8221;.vc_custom_1707133937675{margin-bottom: 0px !important;}&#8221; el_class=&#8221;map zurich-map&#8221;][vc_gmaps link=&#8221;#E-8_JTNDaWZyYW1lJTIwc3JjJTNEJTIyaHR0cHMlM0ElMkYlMkZ3d3cuZ29vZ2xlLmNvbSUyRm1hcHMlMkZlbWJlZCUzRnBiJTNEJTIxMW0xOCUyMTFtMTIlMjExbTMlMjExZDcwMC44MzAwNDI2NDcwMjYxJTIxMmQ2LjEyOTI4MzI3ODU4MzEyNyUyMTNkNDkuNjA2MjgwNjczODk1OTk1JTIxMm0zJTIxMWYwJTIxMmYwJTIxM2YwJTIxM20yJTIxMWkxMDI0JTIxMmk3NjglMjE0ZjEzLjElMjEzbTMlMjExbTIlMjExczB4NDc5NTQ4ZDNjMmFjZWZlZiUyNTNBMHg1YmEwOWI4ODU2YjFiMzQ3JTIxMnM5JTI1MjBSdWUlMjUyMFNjaGlsbGVyJTI1MkMlMjUyMDI1MTklMjUyMEdhcmUlMjUyMEx1eGVtYm91cmclMjUyQyUyNTIwTHV4ZW1idXJnbyUyMTVlMCUyMTNtMiUyMTFzZXMlMjEyc2VzJTIxNHYxNzIxMzc1OTIwNjkzJTIxNW0yJTIxMXNlcyUyMTJzZXMlMjIlMjB3aWR0aCUzRCUyMjYwMCUyMiUyMGhlaWdodCUzRCUyMjQ1MCUyMiUyMHN0eWxlJTNEJTIyYm9yZGVyJTNBMCUzQiUyMiUyMGFsbG93ZnVsbHNjcmVlbiUzRCUyMiUyMiUyMGxvYWRpbmclM0QlMjJsYXp5JTIyJTIwcmVmZXJyZXJwb2xpY3klM0QlMjJuby1yZWZlcnJlci13aGVuLWRvd25ncmFkZSUyMiUzRSUzQyUyRmlmcmFtZSUzRQ==&#8221; css=&#8221;.vc_custom_1721376077087{margin-bottom: 0px !important;}&#8221; el_class=&#8221;map luxenbourg-map&#8221;][vc_gmaps link=&#8221;#E-8_JTNDaWZyYW1lJTIwc3JjJTNEJTIyaHR0cHMlM0ElMkYlMkZ3d3cuZ29vZ2xlLmNvbSUyRm1hcHMlMkZlbWJlZCUzRnBiJTNEJTIxMW0xOCUyMTFtMTIlMjExbTMlMjExZDUxMy4xNDgzODkwMzM2NTAzJTIxMmQzMy42MzI2NTY5ODMyNjEzNSUyMTNkMzQuOTE4NDM0Nzk3NjkxNjQ2JTIxMm0zJTIxMWYwJTIxMmYwJTIxM2YwJTIxM20yJTIxMWkxMDI0JTIxMmk3NjglMjE0ZjEzLjElMjEzbTMlMjExbTIlMjExczB4MTRlMDgyYTZjMjY4MTBlZiUyNTNBMHgzY2QxNjk1MTAwOTU2Y2ZlJTIxMnNTaW1vdSUyNTIwTWVuYXJkb3UlMjUyMDgtZmxvb3IlMjUyQyUyNTIwZmxhdCUyNTJGb2ZmaWNlJTI1MjA0MDIlMjUyQyUyNTIwTGFybmFjYSUyNTIwNjAxNSUyNTJDJTI1MjBDeXBydXMlMjE1ZTAlMjEzbTIlMjExc2VuJTIxMnN6YSUyMTR2MTY1NzU2Nzg5NTYyMiUyMTVtMiUyMTFzZW4lMjEyc3phJTIyJTIwd2lkdGglM0QlMjI2MDAlMjIlMjBoZWlnaHQlM0QlMjI0NTAlMjIlMjBzdHlsZSUzRCUyMmJvcmRlciUzQTAlM0IlMjIlMjBhbGxvd2Z1bGxzY3JlZW4lM0QlMjIlMjIlMjBsb2FkaW5nJTNEJTIybGF6eSUyMiUyMHJlZmVycmVycG9saWN5JTNEJTIybm8tcmVmZXJyZXItd2hlbi1kb3duZ3JhZGUlMjIlM0UlM0MlMkZpZnJhbWUlM0U=&#8221; css=&#8221;.vc_custom_1657570278141{margin-bottom: 0px !important;}&#8221; el_class=&#8221;map lanarca-map&#8221;][\/vc_column][\/vc_row][vc_row foundry_padding=&#8221;pt0 pb0&#8243; css=&#8221;.vc_custom_1636371911787{background-color: #053331 !important;}&#8221; el_class=&#8221;sec-pd-top&#8221;][vc_column][vc_row_inner][vc_column_inner][vc_custom_heading text=&#8221;Enviar&#8221; font_container=&#8221;tag:h2|text_align:center|color:%23fc6d39&#8243; use_theme_fonts=&#8221;yes&#8221;][\/vc_column_inner][\/vc_row_inner][vc_row_inner][vc_column_inner]\n<div class=\"wpcf7 no-js\" id=\"wpcf7-f3343-o1\" lang=\"pt-BR\" dir=\"ltr\" data-wpcf7-id=\"3343\">\n<div class=\"screen-reader-response\"><p role=\"status\" aria-live=\"polite\" aria-atomic=\"true\"><\/p> <ul><\/ul><\/div>\n<form action=\"\/pt-br\/wp-json\/wp\/v2\/pages\/3336#wpcf7-f3343-o1\" method=\"post\" class=\"wpcf7-form init\" aria-label=\"Formul\u00e1rios de contato\" novalidate=\"novalidate\" data-status=\"init\">\n<fieldset class=\"hidden-fields-container\"><input type=\"hidden\" name=\"_wpcf7\" value=\"3343\" \/><input type=\"hidden\" name=\"_wpcf7_version\" value=\"6.1\" \/><input type=\"hidden\" name=\"_wpcf7_locale\" value=\"pt_BR\" \/><input type=\"hidden\" name=\"_wpcf7_unit_tag\" value=\"wpcf7-f3343-o1\" \/><input type=\"hidden\" name=\"_wpcf7_container_post\" value=\"0\" \/><input type=\"hidden\" name=\"_wpcf7_posted_data_hash\" value=\"\" \/>\n<\/fieldset>\n<div id=\"responsive-form\" class=\"clearfix\">\n\t<div class=\"form-row\">\n\t\t<div class=\"column-half\">\n\t\t\t<p><span class=\"wpcf7-form-control-wrap\" data-name=\"first-name\"><input size=\"40\" maxlength=\"400\" class=\"wpcf7-form-control wpcf7-text wpcf7-validates-as-required\" aria-required=\"true\" aria-invalid=\"false\" placeholder=\"Nome*\" value=\"\" type=\"text\" name=\"first-name\" \/><\/span>\n\t\t\t<\/p>\n\t\t<\/div>\n\t\t<div class=\"column-half\">\n\t\t\t<p><span class=\"wpcf7-form-control-wrap\" data-name=\"last-name\"><input size=\"40\" maxlength=\"400\" class=\"wpcf7-form-control wpcf7-text wpcf7-validates-as-required\" aria-required=\"true\" aria-invalid=\"false\" placeholder=\"Sobrenome\n*\" value=\"\" type=\"text\" name=\"last-name\" \/><\/span>\n\t\t\t<\/p>\n\t\t<\/div>\n\t<\/div>\n\t<div class=\"form-row\">\n\t\t<div class=\"column-half\">\n\t\t\t<p><span class=\"wpcf7-form-control-wrap\" data-name=\"your-email\"><input size=\"40\" maxlength=\"400\" class=\"wpcf7-form-control wpcf7-email wpcf7-validates-as-required wpcf7-text wpcf7-validates-as-email\" aria-required=\"true\" aria-invalid=\"false\" placeholder=\"E-mail da empresa\n*\" value=\"\" type=\"email\" name=\"your-email\" \/><\/span>\n\t\t\t<\/p>\n\t\t<\/div>\n\t\t<div class=\"column-half\">\n\t\t\t<p><span class=\"wpcf7-form-control-wrap\" data-name=\"your-phone\"><input size=\"40\" maxlength=\"400\" class=\"wpcf7-form-control wpcf7-text\" aria-invalid=\"false\" placeholder=\"Telefone\" value=\"\" type=\"text\" name=\"your-phone\" \/><\/span>\n\t\t\t<\/p>\n\t\t<\/div>\n\t<\/div>\n\t<div class=\"form-row\">\n\t\t<div class=\"column-full\">\n\t\t\t<p><span class=\"wpcf7-form-control-wrap\" data-name=\"your-message\"><textarea cols=\"40\" rows=\"10\" maxlength=\"2000\" class=\"wpcf7-form-control wpcf7-textarea\" aria-invalid=\"false\" placeholder=\"Mensagem\" name=\"your-message\"><\/textarea><\/span>\n\t\t\t<\/p>\n\t\t<\/div>\n\t<\/div>\n\t<div class=\"form-row\">\n\t\t<div class=\"column-half acceptance\">\n\t\t\t<p><span class=\"wpcf7-form-control-wrap\" data-name=\"acceptance-365\"><span class=\"wpcf7-form-control wpcf7-acceptance\"><span class=\"wpcf7-list-item\"><label><input type=\"checkbox\" name=\"acceptance-365\" value=\"1\" aria-invalid=\"false\" \/><span class=\"wpcf7-list-item-label\">Ao registrar-se aqui, voc\u00ea aceita que est\u00e1 revelando suas informa\u00e7\u00f5es pessoais \u00e0 UMA e que leu e concordou com nossa <a href=\"#\">pol\u00edtica de privacidade.<\/a><\/span><\/label><\/span><\/span><\/span>\n\t\t\t<\/p>\n\t\t<\/div>\n\t\t<div class=\"column-half submit-btn\">\n\t\t\t<p><input class=\"wpcf7-form-control wpcf7-submit has-spinner\" type=\"submit\" value=\"Enviar\" \/>\n\t\t\t<\/p>\n\t\t<\/div>\n\t<\/div>\n<\/div><input type='hidden' class='wpcf7-pum' value='{\"closepopup\":false,\"closedelay\":0,\"openpopup\":false,\"openpopup_id\":0}' \/><div class=\"wpcf7-response-output\" aria-hidden=\"true\"><\/div>\n<\/form>\n<\/div>\n[\/vc_column_inner][\/vc_row_inner][\/vc_column][\/vc_row]<\/p>\n","protected":false},"excerpt":{"rendered":"<p>[vc_row foundry_padding=&#8221;pt0 pb0&#8243;][vc_column][\/vc_column][\/vc_row][vc_row foundry_padding=&#8221;pt0 pb0&#8243; el_class=&#8221;sec-pd-top dsp-flx&#8221;][vc_column width=&#8221;1\/2&#8243;][vc_tta_accordion style=&#8221;modern&#8221; shape=&#8221;square&#8221; color=&#8221;white&#8221; c_icon=&#8221;triangle&#8221; c_position=&#8221;right&#8221; active_section=&#8221;1&#8243; no_fill=&#8221;true&#8221; el_id=&#8221;addresses-col&#8221;][vc_tta_section title=&#8221;Londres&#8221; tab_id=&#8221;london&#8221; el_class=&#8221;london&#8221;][vc_custom_heading text=&#8221;UMA Wealth&#8230;<\/p>\n","protected":false},"author":1,"featured_media":0,"parent":0,"menu_order":0,"comment_status":"closed","ping_status":"closed","template":"","meta":{"footnotes":""},"class_list":["post-3336","page","type-page","status-publish","hentry"],"_links":{"self":[{"href":"https:\/\/www.umawealth.com\/pt-br\/wp-json\/wp\/v2\/pages\/3336","targetHints":{"allow":["GET"]}}],"collection":[{"href":"https:\/\/www.umawealth.com\/pt-br\/wp-json\/wp\/v2\/pages"}],"about":[{"href":"https:\/\/www.umawealth.com\/pt-br\/wp-json\/wp\/v2\/types\/page"}],"author":[{"embeddable":true,"href":"https:\/\/www.umawealth.com\/pt-br\/wp-json\/wp\/v2\/users\/1"}],"replies":[{"embeddable":true,"href":"https:\/\/www.umawealth.com\/pt-br\/wp-json\/wp\/v2\/comments?post=3336"}],"version-history":[{"count":17,"href":"https:\/\/www.umawealth.com\/pt-br\/wp-json\/wp\/v2\/pages\/3336\/revisions"}],"predecessor-version":[{"id":5878,"href":"https:\/\/www.umawealth.com\/pt-br\/wp-json\/wp\/v2\/pages\/3336\/revisions\/5878"}],"wp:attachment":[{"href":"https:\/\/www.umawealth.com\/pt-br\/wp-json\/wp\/v2\/media?parent=3336"}],"curies":[{"name":"wp","href":"https:\/\/api.w.org\/{rel}","templated":true}]}}