{"id":3334,"date":"2021-11-10T14:37:52","date_gmt":"2021-11-10T14:37:52","guid":{"rendered":"https:\/\/www.umawealth.com\/nossos-servicos\/"},"modified":"2025-02-03T16:21:34","modified_gmt":"2025-02-03T16:21:34","slug":"nossos-servicos","status":"publish","type":"page","link":"https:\/\/www.umawealth.com\/pt-br\/nossos-servicos\/","title":{"rendered":"Nossos servi\u00e7os"},"content":{"rendered":"<p>[vc_row foundry_padding=&#8221;pt0 pb0&#8243;][vc_column]\n\t\t\t<!-- START Our Services Page REVOLUTION SLIDER 6.5.8 --><p class=\"rs-p-wp-fix\"><\/p>\n\t\t\t<rs-module-wrap id=\"rev_slider_7_1_wrapper\" data-source=\"gallery\" style=\"visibility:hidden;background:transparent;padding:0;margin:0px auto;margin-top:0;margin-bottom:0;\">\n\t\t\t\t<rs-module id=\"rev_slider_7_1\" style=\"\" data-version=\"6.5.8\">\n\t\t\t\t\t<rs-slides>\n\t\t\t\t\t\t<rs-slide style=\"position: absolute;\" data-key=\"rs-16\" data-title=\"Portuguese\" data-in=\"o:0;\" data-out=\"a:false;\">\n\t\t\t\t\t\t\t<img loading=\"lazy\" decoding=\"async\" src=\"\/\/www.umawealth.com\/wp-content\/plugins\/revslider\/public\/assets\/assets\/dummy.png\" title=\"london\" width=\"1920\" height=\"945\" class=\"rev-slidebg tp-rs-img rs-lazyload\" data-lazyload=\"\/\/www.umawealth.com\/wp-content\/uploads\/2021\/11\/london.jpg\" data-no-retina>\n<!--\n\t\t\t\t\t\t\t--><h1\n\t\t\t\t\t\t\t\tid=\"slider-7-slide-16-layer-0\" \n\t\t\t\t\t\t\t\tclass=\"rs-layer\"\n\t\t\t\t\t\t\t\tdata-type=\"text\"\n\t\t\t\t\t\t\t\tdata-xy=\"xo:120px,120px,120px,40px;y:m;\"\n\t\t\t\t\t\t\t\tdata-text=\"w:normal;s:40,40,40,15;l:45,45,45,17;\"\n\t\t\t\t\t\t\t\tdata-basealign=\"slide\"\n\t\t\t\t\t\t\t\tdata-rsp_bd=\"off\"\n\t\t\t\t\t\t\t\tdata-frame_999=\"o:0;st:w;\"\n\t\t\t\t\t\t\t\tstyle=\"z-index:9;font-family:'Roboto';\"\n\t\t\t\t\t\t\t> Nosso principal foco \u00e9 auxiliar<br \/>\nos clientes na prote\u00e7\u00e3o dos<br \/>\nseus ativos globais<br \/>\n \n\t\t\t\t\t\t\t<\/h1><!--\n\n\t\t\t\t\t\t\t--><rs-layer\n\t\t\t\t\t\t\t\tid=\"slider-7-slide-16-layer-1\" \n\t\t\t\t\t\t\t\tdata-type=\"shape\"\n\t\t\t\t\t\t\t\tdata-rsp_ch=\"on\"\n\t\t\t\t\t\t\t\tdata-xy=\"xo:120px,120px,120px,40px;y:m;yo:91px,91px,91px,40px;\"\n\t\t\t\t\t\t\t\tdata-text=\"w:normal;s:20,20,20,7;l:0,0,0,9;\"\n\t\t\t\t\t\t\t\tdata-dim=\"w:200px,200px,200px,77px;h:3px,3px,3px,1px;\"\n\t\t\t\t\t\t\t\tdata-basealign=\"slide\"\n\t\t\t\t\t\t\t\tdata-frame_999=\"o:0;st:w;\"\n\t\t\t\t\t\t\t\tstyle=\"z-index:10;background-color:#fc6d39;\"\n\t\t\t\t\t\t\t> \n\t\t\t\t\t\t\t<\/rs-layer><!--\n\n\t\t\t\t\t\t\t--><rs-layer\n\t\t\t\t\t\t\t\tid=\"slider-7-slide-16-layer-3\" \n\t\t\t\t\t\t\t\tdata-type=\"shape\"\n\t\t\t\t\t\t\t\tdata-rsp_ch=\"on\"\n\t\t\t\t\t\t\t\tdata-text=\"w:normal;s:20,20,20,7;l:0,0,0,9;\"\n\t\t\t\t\t\t\t\tdata-dim=\"w:100%;h:100%;\"\n\t\t\t\t\t\t\t\tdata-basealign=\"slide\"\n\t\t\t\t\t\t\t\tdata-frame_999=\"o:0;st:w;\"\n\t\t\t\t\t\t\t\tstyle=\"z-index:8;background:linear-gradient(90deg, rgba(5,51,49,1) 0%, rgba(5,51,49,0.5) 52%, rgba(49,85,84,0) 62%, rgba(215,215,215,0) 100%);\"\n\t\t\t\t\t\t\t> \n\t\t\t\t\t\t\t<\/rs-layer><!--\n-->\t\t\t\t\t\t<\/rs-slide>\n\t\t\t\t\t<\/rs-slides>\n\t\t\t\t<\/rs-module>\n\t\t\t\t<script type=\"text\/javascript\">\n\t\t\t\t\tsetREVStartSize({c: 'rev_slider_7_1',rl:[1240,1240,1240,480],el:[600,600,600,400],gw:[1240,1240,1240,480],gh:[600,600,600,400],type:'hero',justify:'',layout:'fullwidth',mh:\"0\"});if (window.RS_MODULES!==undefined && window.RS_MODULES.modules!==undefined && window.RS_MODULES.modules[\"revslider71\"]!==undefined) {window.RS_MODULES.modules[\"revslider71\"].once = false;window.revapi7 = undefined;if (window.RS_MODULES.checkMinimal!==undefined) window.RS_MODULES.checkMinimal()}\n\t\t\t\t<\/script>\n\t\t\t<\/rs-module-wrap>\n\t\t\t<!-- END REVOLUTION SLIDER -->\n[\/vc_column][\/vc_row][vc_row foundry_padding=&#8221;pt0 pb0&#8243; el_class=&#8221;sec-pd-top&#8221;][vc_column][vc_row_inner el_class=&#8221;alg-center&#8221; css=&#8221;.vc_custom_1635772523775{margin-bottom: 60px !important;}&#8221;][vc_column_inner][vc_custom_heading text=&#8221;Nossos servi\u00e7os&#8221; font_container=&#8221;tag:h3|text_align:center|color:%23053331&#8243; use_theme_fonts=&#8221;yes&#8221; css_animation=&#8221;fadeInUpBig&#8221; el_class=&#8221;orange-underline&#8221;][\/vc_column_inner][\/vc_row_inner][vc_column_text css=&#8221;.vc_custom_1636556304808{margin-bottom: 0px !important;}&#8221; el_class=&#8221;dark-green mx-width&#8221;]<\/p>\n<p style=\"text-align: center;\">No Grupo UMA nosso principal foco \u00e9 auxiliar os clientes na prote\u00e7\u00e3o e estrutura\u00e7\u00e3o dos seus ativos globais e a transfer\u00eancia organizada para as futuras gera\u00e7\u00f5es, al\u00e9m do desenvolvimento e manuten\u00e7\u00e3o da estrutura de gest\u00e3o e governan\u00e7a familiar.<\/p>\n<p>[\/vc_column_text][\/vc_column][\/vc_row][vc_row equal_height=&#8221;yes&#8221; foundry_padding=&#8221;pt0 pb0&#8243; el_class=&#8221;sec-pd-top dsp-flex&#8221;][vc_column css_animation=&#8221;fadeInLeft&#8221; width=&#8221;1\/2&#8243;][vc_single_image image=&#8221;2565&#8243; img_size=&#8221;full&#8221; css_animation=&#8221;fadeInLeft&#8221; el_class=&#8221;cube-behind-top-left orange-box mx-height-img&#8221;][\/vc_column][vc_column css_animation=&#8221;fadeInRight&#8221; width=&#8221;1\/2&#8243; el_class=&#8221;col-no-pd col-pd-inner&#8221; css=&#8221;.vc_custom_1636385524265{background-color: #ffffff !important;}&#8221;][vc_custom_heading text=&#8221;Garantimos sinergia constante com os consultores especializados dos nossos clientes e mantemos relacionamentos com profissionais estabelecidos e de confian\u00e7a. Visamos a coordena\u00e7\u00e3o eficiente como elemento fundamental entre advogados, consultores financeiros, e outros especialistas em atendimento patrimonial ao abortar a conformidade e os objetivos de planejamento financeiro dos nossos clientes.&#8221; font_container=&#8221;tag:h4|text_align:left|color:%23053331&#8243; use_theme_fonts=&#8221;yes&#8221; el_class=&#8221;orange-title-h4&#8243;][\/vc_column][\/vc_row][vc_row css=&#8221;.vc_custom_1636633389933{background-color: #053331 !important;}&#8221; el_id=&#8221;cross-border-wealth-planning&#8221;][vc_column][vc_single_image image=&#8221;16&#8243; img_size=&#8221;full&#8221; el_class=&#8221;services-logo&#8221;][vc_row_inner el_class=&#8221;dsp-flex&#8221;][vc_column_inner width=&#8221;1\/4&#8243;][vc_custom_heading text=&#8221;Planejamento<br \/>\npatrimonial<br \/>\ntransnacional&#8221; font_container=&#8221;tag:h3|text_align:left|color:%23fc6d39&#8243; use_theme_fonts=&#8221;yes&#8221; el_class=&#8221;services-title&#8221;][\/vc_column_inner][vc_column_inner width=&#8221;3\/4&#8243;][vc_column_text el_class=&#8221;text-white horizontal-separator white&#8221; css=&#8221;.vc_custom_1636978558135{margin-bottom: 0px !important;}&#8221;]O Grupo UMA fornece consultoria experiente e altamente personalizada baseada em pesquisa a indiv\u00edduos ou fam\u00edlias e suas atividades financeiras e corporativas em uma escalada mundial.[\/vc_column_text][\/vc_column_inner][\/vc_row_inner][vc_row_inner el_class=&#8221;list-of-services-white&#8221;][vc_column_inner width=&#8221;1\/2&#8243;][vc_column_text css=&#8221;.vc_custom_1636629041027{margin-bottom: 0px !important;}&#8221;]<\/p>\n<ul>\n<li>Coordena\u00e7\u00e3o e articula\u00e7\u00e3o com provedores externos, servi\u00e7os de auditoria patrimonial e gest\u00e3o patrimonial.<\/li>\n<li>Servi\u00e7os fiscais, contabilidade e consolida\u00e7\u00e3o patrimonial.<\/li>\n<li>Relat\u00f3rios consolidados sobre todos os ativos e monitoramento de desempenho<\/li>\n<li>An\u00e1lise de risco e an\u00e1lise de objetivos de investimento versus restri\u00e7\u00f5es de investimento<\/li>\n<li>Elabora\u00e7\u00e3o de estrat\u00e9gias financeiras e sucess\u00f3rios de longo prazo<\/li>\n<li>Coordena\u00e7\u00e3o de venda\/compra de ativos de luxo (im\u00f3veis, aeronaves, iates e transa\u00e7\u00f5es)<\/li>\n<\/ul>\n<p>[\/vc_column_text][\/vc_column_inner][vc_column_inner width=&#8221;1\/2&#8243;][vc_column_text css=&#8221;.vc_custom_1636629049171{margin-bottom: 0px !important;}&#8221;]<\/p>\n<ul>\n<li>Supervis\u00e3o de ativos e processos operacionais<\/li>\n<li>Administra\u00e7\u00e3o de gest\u00e3o financeira e relacionamentos com bancos deposit\u00e1rios de gest\u00e3o<\/li>\n<li>Estrutura\u00e7\u00e3o de solu\u00e7\u00f5es de fundos de investimento personalizados Private Label<\/li>\n<li>Acesso a capital privado<\/li>\n<li>Servi\u00e7os de fus\u00e3o e aquisi\u00e7\u00e3o<\/li>\n<li>Servi\u00e7os de apoio financeiro<\/li>\n<\/ul>\n<p>[\/vc_column_text][\/vc_column_inner][\/vc_row_inner][\/vc_column][\/vc_row][vc_row css=&#8221;.vc_custom_1636632719882{background-color: #ffffff !important;}&#8221; el_id=&#8221;trust-and-estate-planning&#8221;][vc_column][vc_single_image image=&#8221;25&#8243; img_size=&#8221;full&#8221; el_class=&#8221;services-logo&#8221;][vc_row_inner el_class=&#8221;dsp-flex&#8221;][vc_column_inner width=&#8221;1\/4&#8243;][vc_custom_heading text=&#8221;Planejamento imobili\u00e1rio e fiduci\u00e1rio&#8221; font_container=&#8221;tag:h3|text_align:left|color:%23212f54&#8243; use_theme_fonts=&#8221;yes&#8221; el_class=&#8221;services-title&#8221;][\/vc_column_inner][vc_column_inner width=&#8221;3\/4&#8243;][vc_column_text el_class=&#8221;text-blue horizontal-separator lightblue&#8221; css=&#8221;.vc_custom_1636560230263{margin-bottom: 0px !important;}&#8221;]A UMA Swiss AG \u00e9 especializada em trusts, estrutura\u00e7\u00e3o patrimonial, planejamento imobili\u00e1rio e servi\u00e7os corporativos para clientes internacionais e possui escrit\u00f3rio em Zurique, Su\u00ed\u00e7a. Fornecemos conhecimento, suporte e servi\u00e7os administrativos a empreendedores e suas fam\u00edlias com ativos e estruturas globais.[\/vc_column_text][\/vc_column_inner][\/vc_row_inner][vc_row_inner el_class=&#8221;list-of-services-blue&#8221;][vc_column_inner width=&#8221;1\/2&#8243;][vc_column_text el_class=&#8221;text-lightblue custom-mg&#8221;]<strong>A UMA Swiss AG fornece e coordena uma ampla gama de solu\u00e7\u00f5es e servi\u00e7os de apoio abrangendo t\u00f3picos de planejamento imobili\u00e1rio e fiduci\u00e1rio, como:<\/strong>[\/vc_column_text][vc_column_text css=&#8221;.vc_custom_1636629056715{margin-bottom: 0px !important;}&#8221;]<\/p>\n<ul>\n<li>Planejamento imobili\u00e1rio e sucess\u00f3rio<\/li>\n<li>An\u00e1lise tribut\u00e1ria realizada por consultores externos selecionados<\/li>\n<li>Estrutura apropriada e sele\u00e7\u00e3o e implementa\u00e7\u00e3o de jurisdi\u00e7\u00e3o para requisitos comerciais e particulares.<\/li>\n<li>Servi\u00e7os de trustee<\/li>\n<\/ul>\n<p>[\/vc_column_text][\/vc_column_inner][vc_column_inner width=&#8221;1\/2&#8243;][vc_column_text css=&#8221;.vc_custom_1636629062365{margin-bottom: 0px !important;}&#8221;]<\/p>\n<ul>\n<li>Servi\u00e7os de funda\u00e7\u00e3o privada<\/li>\n<li>Empresas de investimento privado<\/li>\n<li>Servi\u00e7os de diretor corporativo<\/li>\n<li>Conformidade, manuten\u00e7\u00e3o cont\u00ednua e monitoramento<\/li>\n<li>Gest\u00e3o de projetos de estruturas corporativas<\/li>\n<li>Servi\u00e7os migrat\u00f3rios\/reloca\u00e7\u00e3o\/resid\u00eancia<\/li>\n<li>Suporte filantr\u00f3pico<\/li>\n<li>Gest\u00e3o de documentos consolidados<\/li>\n<\/ul>\n<p>[\/vc_column_text][\/vc_column_inner][\/vc_row_inner][\/vc_column][\/vc_row][vc_row css=&#8221;.vc_custom_1636632755429{background-color: #717171 !important;}&#8221; el_id=&#8221;trust-protector-services&#8221;][vc_column][vc_single_image image=&#8221;16&#8243; img_size=&#8221;full&#8221; el_class=&#8221;services-logo&#8221;][vc_row_inner el_class=&#8221;dsp-flex&#8221;][vc_column_inner width=&#8221;1\/4&#8243;][vc_custom_heading text=&#8221;Servi\u00e7os de protetor para trusts&#8221; font_container=&#8221;tag:h3|text_align:left|color:%23fc6d39&#8243; use_theme_fonts=&#8221;yes&#8221; el_class=&#8221;services-title&#8221;][\/vc_column_inner][vc_column_inner width=&#8221;3\/4&#8243;][vc_column_text el_class=&#8221;text-white horizontal-separator white&#8221; css=&#8221;.vc_custom_1636980997472{margin-bottom: 0px !important;}&#8221;]Como protetor, o Grupo UMA executa atribui\u00e7\u00f5es e deveres selecionados para o instituidor do fundo (settlor) ou fam\u00edlia que com o passar dos anos tais atribui\u00e7\u00f5es e responsabilidades podem ser ajustadas para se adequarem \u00e0s circunst\u00e2ncias e necessidades atuais.[\/vc_column_text][\/vc_column_inner][\/vc_row_inner][vc_column_text el_class=&#8221;text-white custom-mg&#8221;]As atribui\u00e7\u00f5es e deveres podem incluir:[\/vc_column_text][vc_row_inner el_class=&#8221;list-of-services-white&#8221;][vc_column_inner width=&#8221;1\/2&#8243;][vc_column_text css=&#8221;.vc_custom_1636629069356{margin-bottom: 0px !important;}&#8221;]<\/p>\n<ul>\n<li>Fornecer consentimento ou outro modo para a\u00e7\u00f5es propostas pelos trustees<\/li>\n<li>Solu\u00e7\u00f5es em situa\u00e7\u00f5es de conflito de interesses<\/li>\n<li>Execu\u00e7\u00e3o de revis\u00f5es peri\u00f3dicas de atividades fiduci\u00e1rias<\/li>\n<li>Elabora\u00e7\u00e3o de relat\u00f3rio aos instituidores do fundo (settlors) e benefici\u00e1rios e participa\u00e7\u00e3o nas reuni\u00f5es do trustee<\/li>\n<\/ul>\n<p>[\/vc_column_text][\/vc_column_inner][vc_column_inner width=&#8221;1\/2&#8243;][vc_column_text css=&#8221;.vc_custom_1636629074374{margin-bottom: 0px !important;}&#8221;]<\/p>\n<ul>\n<li>Tornar-se protetores do sucessor para estruturas de trust existentes<\/li>\n<li>Agir como proponente autorizado ou como executor para um trust de objetivo<\/li>\n<li>Comiss\u00e3o do protetor(es)<\/li>\n<\/ul>\n<p>[\/vc_column_text][\/vc_column_inner][\/vc_row_inner][vc_column_text el_class=&#8221;text-white&#8221;]Em uma base selecionada, podemos tamb\u00e9m agir como Consultor de Distribui\u00e7\u00e3o.[\/vc_column_text][vc_column_text el_class=&#8221;text-white&#8221;]Fornecemos servi\u00e7os de Protetor da Su\u00ed\u00e7a e Nova Zel\u00e2ndia.[\/vc_column_text][\/vc_column][\/vc_row][vc_row el_id=&#8221;globally-family-office-services&#8221;][vc_column][vc_single_image image=&#8221;16&#8243; img_size=&#8221;full&#8221; el_class=&#8221;services-logo&#8221;][vc_row_inner el_class=&#8221;dsp-flex&#8221;][vc_column_inner width=&#8221;1\/4&#8243;][vc_custom_heading text=&#8221;Servi\u00e7os de family office global&#8221; font_container=&#8221;tag:h3|text_align:left|color:%23053331&#8243; use_theme_fonts=&#8221;yes&#8221; el_class=&#8221;services-title&#8221;][\/vc_column_inner][vc_column_inner width=&#8221;3\/4&#8243;][vc_column_text el_class=&#8221;dark-green horizontal-separator orange&#8221; css=&#8221;.vc_custom_1636561431967{margin-bottom: 0px !important;}&#8221;]<strong>Definir uma vis\u00e3o e prop\u00f3sito para a fam\u00edlia e seu patrim\u00f4nio \u00e9 de fundamental import\u00e2ncia. A coordena\u00e7\u00e3o apropriada \u00e9 um elemento fundamental para o sucesso no complexo ambiente financeiro e jur\u00eddico atual. Visamos compreender as necessidades e o prop\u00f3sito das fam\u00edlias de modo que possamos auxiliar como e onde necess\u00e1rio. <\/strong>[\/vc_column_text][\/vc_column_inner][\/vc_row_inner][vc_row_inner el_class=&#8221;list-of-services-green&#8221;][vc_column_inner width=&#8221;1\/2&#8243;][vc_column_text css=&#8221;.vc_custom_1636629081813{margin-bottom: 0px !important;}&#8221;]<\/p>\n<ul>\n<li><strong>Designa\u00e7\u00e3o de uma equipe dedicada e especializada para lidar com os assuntos do family office<\/strong><\/li>\n<li><strong>Administra\u00e7\u00e3o da estrutura jur\u00eddica e de investimento existentes<\/strong><\/li>\n<\/ul>\n<p>[\/vc_column_text][\/vc_column_inner][vc_column_inner width=&#8221;1\/2&#8243;][vc_column_text css=&#8221;.vc_custom_1636629086374{margin-bottom: 0px !important;}&#8221;]<\/p>\n<ul>\n<li><strong>Reuni\u00f5es peri\u00f3dicas para revisar as opera\u00e7\u00f5es e projetos futuros do family office<\/strong><\/li>\n<li><strong>Ampla experi\u00eancia em lidar com provedores de family office, como as institui\u00e7\u00f5es financeiras, as empresas de consultoria jur\u00eddica, conselheiros, firmas de contabilidade, auditores, etc.<\/strong><\/li>\n<\/ul>\n<p>[\/vc_column_text][\/vc_column_inner][\/vc_row_inner][\/vc_column][\/vc_row][vc_row css=&#8221;.vc_custom_1636633412508{background-color: #fc6d39 !important;}&#8221; el_id=&#8221;governance-services&#8221;][vc_column][vc_single_image image=&#8221;356&#8243; img_size=&#8221;full&#8221; el_class=&#8221;services-logo&#8221;][vc_row_inner el_class=&#8221;dsp-flex&#8221;][vc_column_inner width=&#8221;1\/4&#8243;][vc_custom_heading text=&#8221;Servi\u00e7os de governan\u00e7a&#8221; font_container=&#8221;tag:h3|text_align:left|color:%23ffffff&#8221; use_theme_fonts=&#8221;yes&#8221; el_class=&#8221;services-title&#8221;][\/vc_column_inner][vc_column_inner width=&#8221;3\/4&#8243;][vc_column_text el_class=&#8221;text-white horizontal-separator white&#8221; css=&#8221;.vc_custom_1636561539727{margin-bottom: 0px !important;}&#8221;]Apoiamos a coordena\u00e7\u00e3o e gest\u00e3o de todos os componentes de patrim\u00f4nio familiar integrando a equipe de consultores internacionais dos clientes.[\/vc_column_text][\/vc_column_inner][\/vc_row_inner][vc_column_text el_class=&#8221;text-white custom-mg&#8221;]Atrav\u00e9s da nossa equipe e colaboradores in-house especializados, auxiliamos com:[\/vc_column_text][vc_row_inner el_class=&#8221;list-of-services-white white-bullets&#8221;][vc_column_inner width=&#8221;1\/2&#8243;][vc_column_text css=&#8221;.vc_custom_1636629091589{margin-bottom: 0px !important;}&#8221;]<\/p>\n<ul>\n<li>Governan\u00e7a familiar<\/li>\n<li>Alinhamento dos princ\u00edpios e objetivos familiares<\/li>\n<li>Suporte e coordena\u00e7\u00e3o de padr\u00f5es fundamentais<\/li>\n<li>Servi\u00e7os especializados de governan\u00e7a de investimentos<\/li>\n<li>Governan\u00e7a operacional<\/li>\n<\/ul>\n<p>[\/vc_column_text][\/vc_column_inner][vc_column_inner width=&#8221;1\/2&#8243;][vc_column_text css=&#8221;.vc_custom_1636629095709{margin-bottom: 0px !important;}&#8221;]<\/p>\n<ul>\n<li>Estrutura\u00e7\u00e3o de estatuto familiar<\/li>\n<li>Implementa\u00e7\u00e3o e avalia\u00e7\u00e3o de conselho familiar<\/li>\n<li>Estabelecimento de pol\u00edticas e procedimentos de governan\u00e7a<\/li>\n<li>Acordos e estruturas jur\u00eddicas<\/li>\n<li>Planejamento sucess\u00f3rio para futuras gera\u00e7\u00f5es<\/li>\n<\/ul>\n<p>[\/vc_column_text][\/vc_column_inner][\/vc_row_inner][\/vc_column][\/vc_row][vc_row el_id=&#8221;fund-services&#8221;][vc_column][vc_single_image image=&#8221;16&#8243; img_size=&#8221;full&#8221; el_class=&#8221;services-logo&#8221;][vc_row_inner el_class=&#8221;dsp-flex&#8221;][vc_column_inner width=&#8221;1\/4&#8243;][vc_custom_heading text=&#8221;Servi\u00e7os de fundos &amp; Supervis\u00e3o corporativa&#8221; font_container=&#8221;tag:h3|text_align:left|color:%23fc6d39&#8243; use_theme_fonts=&#8221;yes&#8221; el_class=&#8221;services-title&#8221;][\/vc_column_inner][vc_column_inner width=&#8221;3\/4&#8243;][vc_column_text el_class=&#8221;dark-green horizontal-separator darkgreen&#8221; css=&#8221;.vc_custom_1636562605123{margin-bottom: 0px !important;}&#8221;]<strong>Fornecemos o mais alto padr\u00e3o de servi\u00e7os por meio de uma rede de profissionais que abrangem os principais domic\u00edlios de corpora\u00e7\u00f5es, trustees e fundos de investimentos globais, incluindo Reino Unido, Luxemburgo e Su\u00ed\u00e7a.<\/strong>[\/vc_column_text][\/vc_column_inner][\/vc_row_inner][vc_column_text el_class=&#8221;text-orange custom-mg&#8221;]<strong>Nossa equipe em constante crescimento de profissionais experientes desenvolve, integra e implementa solu\u00e7\u00f5es a partir da perspectiva de um gerente. No entanto, eles poder\u00e3o permanecer a par das preocupa\u00e7\u00f5es do investidor.<\/strong>[\/vc_column_text][vc_column_text el_class=&#8221;text-orange custom-mg&#8221;]<strong>A experi\u00eancia da nossa equipe de Luxemburgo e os servi\u00e7o de valor agregado para clientes abrange v\u00e1rios tipos de fundos de investimentos e estruturas jur\u00eddicas:<\/strong>[\/vc_column_text][vc_row_inner el_class=&#8221;list-of-services-green&#8221;][vc_column_inner width=&#8221;1\/2&#8243;][vc_column_text css=&#8221;.vc_custom_1636629102198{margin-bottom: 0px !important;}&#8221;]<\/p>\n<ul>\n<li><strong>UCITS (Undertakings for Collective Investments in Transferable Securities). A UCITS fornece uma estrutura regulat\u00f3ria europeia exclusiva para um ve\u00edculo de investimento, o que significa que \u00e9 poss\u00edvel comercializar ve\u00edculo na Uni\u00e3o Europeia sem se preocupar em que pa\u00eds est\u00e1 domiciliado. \u00c9 idealmente adequado para Fundos P\u00fablicos e foi concebido para refor\u00e7ar os mercados individuais mantendo ao mesmo tempo os altos n\u00edveis de investimento. Os fundos da UCITS tamb\u00e9m se tornaram bem-sucedidos na \u00c1sia e Am\u00e9rica Latina porque a etiqueta UCITS permite aos investidores derivar alguma garantia de que determinados requisitos regulat\u00f3rios e de prote\u00e7\u00e3o do investidor foram atendidos.<br \/>\n<\/strong><\/li>\n<\/ul>\n<p>[\/vc_column_text][\/vc_column_inner][vc_column_inner width=&#8221;1\/2&#8243;][vc_column_text css=&#8221;.vc_custom_1636629107518{margin-bottom: 0px !important;}&#8221;]<\/p>\n<ul>\n<li><strong>Fundos alternativos<\/strong><\/li>\n<li><strong>Hedge Funds, Fundos Imobili\u00e1rios, Fundos de Capital Privado e Fundos de D\u00e9bito Privado<\/strong><\/li>\n<li><strong>Ve\u00edculos de titulariza\u00e7\u00e3o<\/strong><\/li>\n<li><strong>Estruturas de entidade jur\u00eddica para fundos p\u00fablicos e privados, incluindo:<\/strong>\n<ul>\n<li><strong>Empresas de Holding\/Corpora\u00e7\u00f5es (Sarl, SCA, SA)<\/strong><\/li>\n<li><strong>Partnerships (SCS e SCSp)<\/strong><\/li>\n<li><strong>Estruturas de fundos de investimentos (SICAV, SIF e RAIF)<\/strong><\/li>\n<\/ul>\n<\/li>\n<\/ul>\n<p>[\/vc_column_text][\/vc_column_inner][\/vc_row_inner][vc_column_text el_class=&#8221;dark-green custom-mg&#8221;]<strong>Estamos dedicados a fornecer servi\u00e7os de valor agregado e elaborar solu\u00e7\u00f5es personalizadas e flex\u00edveis para os profissionais de investimento\/gest\u00e3o de ativos, refor\u00e7ando sua capacidade de se concentrar nas fun\u00e7\u00f5es principais &#8211; os gerentes que trabalham com nossa equipe se beneficiam da experi\u00eancia coletiva, entregando valor quantific\u00e1vel.<\/strong>[\/vc_column_text][vc_column_text el_class=&#8221;dark-green custom-mg&#8221;]<strong>Enquanto um diretor individual \u00e9 escolhido para as informa\u00e7\u00f5es de Governan\u00e7a Corporativa em uma empresa, a experi\u00eancia coletiva da nossa equipe \u00e9 frequentemente selecionada para dar suporte ao gestores de investimento\/ativos com desafios e em situa\u00e7\u00f5es de gest\u00e3o de crises para alcan\u00e7ar a melhor solu\u00e7\u00e3o poss\u00edvel para o Fundo e suas partes interessadas.<\/strong>[\/vc_column_text][vc_column_text el_class=&#8221;dark-green custom-mg&#8221;]<strong>Com hist\u00f3ricos profissionais em grandes institui\u00e7\u00f5es, a equipe do Grupo UMA aplica o profissionalismo e entusiasmo de uma forma que entrega uma experi\u00eancia de cliente personalizada para o gestor de investimento e suas v\u00e1rias partes interessadas.<\/strong>[\/vc_column_text][\/vc_column][\/vc_row]<\/p>\n","protected":false},"excerpt":{"rendered":"<p>[vc_row foundry_padding=&#8221;pt0 pb0&#8243;][vc_column][\/vc_column][\/vc_row][vc_row foundry_padding=&#8221;pt0 pb0&#8243; el_class=&#8221;sec-pd-top&#8221;][vc_column][vc_row_inner el_class=&#8221;alg-center&#8221; css=&#8221;.vc_custom_1635772523775{margin-bottom: 60px !important;}&#8221;][vc_column_inner][vc_custom_heading text=&#8221;Nossos servi\u00e7os&#8221; font_container=&#8221;tag:h3|text_align:center|color:%23053331&#8243; use_theme_fonts=&#8221;yes&#8221; css_animation=&#8221;fadeInUpBig&#8221; el_class=&#8221;orange-underline&#8221;][\/vc_column_inner][\/vc_row_inner][vc_column_text css=&#8221;.vc_custom_1636556304808{margin-bottom: 0px !important;}&#8221; el_class=&#8221;dark-green mx-width&#8221;]&#8230;<\/p>\n","protected":false},"author":1,"featured_media":0,"parent":0,"menu_order":0,"comment_status":"closed","ping_status":"closed","template":"","meta":{"footnotes":""},"class_list":["post-3334","page","type-page","status-publish","hentry"],"_links":{"self":[{"href":"https:\/\/www.umawealth.com\/pt-br\/wp-json\/wp\/v2\/pages\/3334","targetHints":{"allow":["GET"]}}],"collection":[{"href":"https:\/\/www.umawealth.com\/pt-br\/wp-json\/wp\/v2\/pages"}],"about":[{"href":"https:\/\/www.umawealth.com\/pt-br\/wp-json\/wp\/v2\/types\/page"}],"author":[{"embeddable":true,"href":"https:\/\/www.umawealth.com\/pt-br\/wp-json\/wp\/v2\/users\/1"}],"replies":[{"embeddable":true,"href":"https:\/\/www.umawealth.com\/pt-br\/wp-json\/wp\/v2\/comments?post=3334"}],"version-history":[{"count":5,"href":"https:\/\/www.umawealth.com\/pt-br\/wp-json\/wp\/v2\/pages\/3334\/revisions"}],"predecessor-version":[{"id":5165,"href":"https:\/\/www.umawealth.com\/pt-br\/wp-json\/wp\/v2\/pages\/3334\/revisions\/5165"}],"wp:attachment":[{"href":"https:\/\/www.umawealth.com\/pt-br\/wp-json\/wp\/v2\/media?parent=3334"}],"curies":[{"name":"wp","href":"https:\/\/api.w.org\/{rel}","templated":true}]}}