{"id":3419,"date":"2021-11-10T14:37:52","date_gmt":"2021-11-10T14:37:52","guid":{"rendered":"https:\/\/www.umawealth.com\/i-nostri-servizi\/"},"modified":"2025-02-03T16:21:05","modified_gmt":"2025-02-03T16:21:05","slug":"i-nostri-servizi","status":"publish","type":"page","link":"https:\/\/www.umawealth.com\/it\/i-nostri-servizi\/","title":{"rendered":"I nostri servizi"},"content":{"rendered":"<p>[vc_row foundry_padding=&#8221;pt0 pb0&#8243;][vc_column]\n\t\t\t<!-- START Our Services Page REVOLUTION SLIDER 6.5.8 --><p class=\"rs-p-wp-fix\"><\/p>\n\t\t\t<rs-module-wrap id=\"rev_slider_7_1_wrapper\" data-source=\"gallery\" style=\"visibility:hidden;background:transparent;padding:0;margin:0px auto;margin-top:0;margin-bottom:0;\">\n\t\t\t\t<rs-module id=\"rev_slider_7_1\" style=\"\" data-version=\"6.5.8\">\n\t\t\t\t\t<rs-slides>\n\t\t\t\t\t\t<rs-slide style=\"position: absolute;\" data-key=\"rs-22\" data-title=\"Italian\" data-in=\"o:0;\" data-out=\"a:false;\">\n\t\t\t\t\t\t\t<img loading=\"lazy\" decoding=\"async\" src=\"\/\/www.umawealth.com\/wp-content\/plugins\/revslider\/public\/assets\/assets\/dummy.png\" title=\"london\" width=\"1920\" height=\"945\" class=\"rev-slidebg tp-rs-img rs-lazyload\" data-lazyload=\"\/\/www.umawealth.com\/wp-content\/uploads\/2021\/11\/london.jpg\" data-no-retina>\n<!--\n\t\t\t\t\t\t\t--><h1\n\t\t\t\t\t\t\t\tid=\"slider-7-slide-22-layer-0\" \n\t\t\t\t\t\t\t\tclass=\"rs-layer\"\n\t\t\t\t\t\t\t\tdata-type=\"text\"\n\t\t\t\t\t\t\t\tdata-xy=\"xo:120px,120px,120px,40px;y:m;\"\n\t\t\t\t\t\t\t\tdata-text=\"w:normal;s:40,40,40,15;l:45,45,45,17;\"\n\t\t\t\t\t\t\t\tdata-basealign=\"slide\"\n\t\t\t\t\t\t\t\tdata-rsp_bd=\"off\"\n\t\t\t\t\t\t\t\tdata-frame_999=\"o:0;st:w;\"\n\t\t\t\t\t\t\t\tstyle=\"z-index:9;font-family:'Roboto';\"\n\t\t\t\t\t\t\t>Il nostro obiettivo principale \u00e8<br \/>\nassistere i clienti nella protezione<br \/>\ndei loro beni globali \n\t\t\t\t\t\t\t<\/h1><!--\n\n\t\t\t\t\t\t\t--><rs-layer\n\t\t\t\t\t\t\t\tid=\"slider-7-slide-22-layer-1\" \n\t\t\t\t\t\t\t\tdata-type=\"shape\"\n\t\t\t\t\t\t\t\tdata-rsp_ch=\"on\"\n\t\t\t\t\t\t\t\tdata-xy=\"xo:120px,120px,120px,40px;y:m;yo:91px,91px,91px,40px;\"\n\t\t\t\t\t\t\t\tdata-text=\"w:normal;s:20,20,20,7;l:0,0,0,9;\"\n\t\t\t\t\t\t\t\tdata-dim=\"w:200px,200px,200px,77px;h:3px,3px,3px,1px;\"\n\t\t\t\t\t\t\t\tdata-basealign=\"slide\"\n\t\t\t\t\t\t\t\tdata-frame_999=\"o:0;st:w;\"\n\t\t\t\t\t\t\t\tstyle=\"z-index:10;background-color:#fc6d39;\"\n\t\t\t\t\t\t\t> \n\t\t\t\t\t\t\t<\/rs-layer><!--\n\n\t\t\t\t\t\t\t--><rs-layer\n\t\t\t\t\t\t\t\tid=\"slider-7-slide-22-layer-3\" \n\t\t\t\t\t\t\t\tdata-type=\"shape\"\n\t\t\t\t\t\t\t\tdata-rsp_ch=\"on\"\n\t\t\t\t\t\t\t\tdata-text=\"w:normal;s:20,20,20,7;l:0,0,0,9;\"\n\t\t\t\t\t\t\t\tdata-dim=\"w:100%;h:100%;\"\n\t\t\t\t\t\t\t\tdata-basealign=\"slide\"\n\t\t\t\t\t\t\t\tdata-frame_999=\"o:0;st:w;\"\n\t\t\t\t\t\t\t\tstyle=\"z-index:8;background:linear-gradient(90deg, rgba(5,51,49,1) 0%, rgba(5,51,49,0.5) 52%, rgba(49,85,84,0) 62%, rgba(215,215,215,0) 100%);\"\n\t\t\t\t\t\t\t> \n\t\t\t\t\t\t\t<\/rs-layer><!--\n-->\t\t\t\t\t\t<\/rs-slide>\n\t\t\t\t\t<\/rs-slides>\n\t\t\t\t<\/rs-module>\n\t\t\t\t<script type=\"text\/javascript\">\n\t\t\t\t\tsetREVStartSize({c: 'rev_slider_7_1',rl:[1240,1240,1240,480],el:[600,600,600,400],gw:[1240,1240,1240,480],gh:[600,600,600,400],type:'hero',justify:'',layout:'fullwidth',mh:\"0\"});if (window.RS_MODULES!==undefined && window.RS_MODULES.modules!==undefined && window.RS_MODULES.modules[\"revslider71\"]!==undefined) {window.RS_MODULES.modules[\"revslider71\"].once = false;window.revapi7 = undefined;if (window.RS_MODULES.checkMinimal!==undefined) window.RS_MODULES.checkMinimal()}\n\t\t\t\t<\/script>\n\t\t\t<\/rs-module-wrap>\n\t\t\t<!-- END REVOLUTION SLIDER -->\n[\/vc_column][\/vc_row][vc_row foundry_padding=&#8221;pt0 pb0&#8243; el_class=&#8221;sec-pd-top&#8221;][vc_column][vc_row_inner el_class=&#8221;alg-center&#8221; css=&#8221;.vc_custom_1635772523775{margin-bottom: 60px !important;}&#8221;][vc_column_inner][vc_custom_heading text=&#8221;I nostri servizi&#8221; font_container=&#8221;tag:h3|text_align:center|color:%23053331&#8243; use_theme_fonts=&#8221;yes&#8221; css_animation=&#8221;fadeInUpBig&#8221; el_class=&#8221;orange-underline&#8221;][\/vc_column_inner][\/vc_row_inner][vc_column_text css=&#8221;.vc_custom_1636556304808{margin-bottom: 0px !important;}&#8221; el_class=&#8221;dark-green mx-width&#8221;]<\/p>\n<p style=\"text-align: center;\">Al Gruppo UMA, il nostro obiettivo principale \u00e8 assistere i clienti nella protezione e nella strutturazione dei loro beni globali e nel loro trasferimento organizzato alle generazioni future, oltre allo sviluppo e al mantenimento della struttura di governance generale della famiglia.<\/p>\n<p>[\/vc_column_text][\/vc_column][\/vc_row][vc_row equal_height=&#8221;yes&#8221; foundry_padding=&#8221;pt0 pb0&#8243; el_class=&#8221;sec-pd-top dsp-flex&#8221;][vc_column css_animation=&#8221;fadeInLeft&#8221; width=&#8221;1\/2&#8243;][vc_single_image image=&#8221;2565&#8243; img_size=&#8221;full&#8221; css_animation=&#8221;fadeInLeft&#8221; el_class=&#8221;cube-behind-top-left orange-box mx-height-img&#8221;][\/vc_column][vc_column css_animation=&#8221;fadeInRight&#8221; width=&#8221;1\/2&#8243; el_class=&#8221;col-no-pd col-pd-inner&#8221; css=&#8221;.vc_custom_1636385524265{background-color: #ffffff !important;}&#8221;][vc_custom_heading text=&#8221;Assicuriamo una costante sinergia con i consulenti specializzati dei nostri clienti e manteniamo rapporti professionali gi\u00e0 consolidati e di fiducia. Miriamo a un coordinamento efficiente come elemento chiave tra avvocati, consulenti finanziari e altri specialisti di servizi patrimoniali quando ci dedichiamo al raggiungimento degli obiettivi di conformit\u00e0 e di pianificazione finanziaria dei clienti.&#8221; font_container=&#8221;tag:h4|text_align:left|color:%23053331&#8243; use_theme_fonts=&#8221;yes&#8221; el_class=&#8221;orange-title-h4&#8243;][\/vc_column][\/vc_row][vc_row css=&#8221;.vc_custom_1636633389933{background-color: #053331 !important;}&#8221; el_id=&#8221;cross-border-wealth-planning&#8221;][vc_column][vc_single_image image=&#8221;16&#8243; img_size=&#8221;full&#8221; el_class=&#8221;services-logo&#8221;][vc_row_inner el_class=&#8221;dsp-flex&#8221;][vc_column_inner width=&#8221;1\/4&#8243;][vc_custom_heading text=&#8221;Pianificazione<br \/>\npatrimoniale<br \/>\ntransfrontaliera&#8221; font_container=&#8221;tag:h3|text_align:left|color:%23fc6d39&#8243; use_theme_fonts=&#8221;yes&#8221; el_class=&#8221;services-title&#8221;][\/vc_column_inner][vc_column_inner width=&#8221;3\/4&#8243;][vc_column_text el_class=&#8221;text-white horizontal-separator white&#8221; css=&#8221;.vc_custom_1636978558135{margin-bottom: 0px !important;}&#8221;]Il Gruppo UMA fornisce consulenza a individui o famiglie e alle loro attivit\u00e0 aziendali e finanziarie in tutto il mondo basandosi su una ricerca altamente personalizzata ed esperta.[\/vc_column_text][\/vc_column_inner][\/vc_row_inner][vc_row_inner el_class=&#8221;list-of-services-white&#8221;][vc_column_inner width=&#8221;1\/2&#8243;][vc_column_text css=&#8221;.vc_custom_1636629041027{margin-bottom: 0px !important;}&#8221;]<\/p>\n<ul>\n<li>Coordinamento e collegamento con fornitori di terze parti, servizi di controllo e gestione patrimoniale<\/li>\n<li>Servizi fiscali, contabili e di consolidamento patrimoniale<\/li>\n<li>Rapporti affidabili su tutti i beni e monitoraggio delle prestazioni<\/li>\n<li>Analisi del rischio e analisi degli obiettivi di investimento rispetto ai vincoli di investimento<\/li>\n<li>Elaborazione di strategie finanziarie ed ereditarie a lungo termine<\/li>\n<li>Coordinamento della compravendita di beni di lusso (transazioni immobiliari, aeromobili, yacht e opere d&#8217;arte)<\/li>\n<\/ul>\n<p>[\/vc_column_text][\/vc_column_inner][vc_column_inner width=&#8221;1\/2&#8243;][vc_column_text css=&#8221;.vc_custom_1636629049171{margin-bottom: 0px !important;}&#8221;]<\/p>\n<ul>\n<li>Controllo dei beni e processi operativi<\/li>\n<li>Amministrazione della gestione finanziaria e gestione dei rapporti con la banca depositaria<\/li>\n<li>Strutturazione di soluzioni di fondi di investimento su misura<\/li>\n<li>Accesso ai fondi di private equity<\/li>\n<li>Servizi di transazione, fusione e acquisizione<\/li>\n<li>Servizi di assistenza finanziaria<\/li>\n<\/ul>\n<p>[\/vc_column_text][\/vc_column_inner][\/vc_row_inner][\/vc_column][\/vc_row][vc_row css=&#8221;.vc_custom_1636632719882{background-color: #ffffff !important;}&#8221; el_id=&#8221;trust-and-estate-planning&#8221;][vc_column][vc_single_image image=&#8221;25&#8243; img_size=&#8221;full&#8221; el_class=&#8221;services-logo&#8221;][vc_row_inner el_class=&#8221;dsp-flex&#8221;][vc_column_inner width=&#8221;1\/4&#8243;][vc_custom_heading text=&#8221;Gestione Fiduciaria E Pianificazione Successoria&#8221; font_container=&#8221;tag:h3|text_align:left|color:%23212f54&#8243; use_theme_fonts=&#8221;yes&#8221; el_class=&#8221;services-title&#8221;][\/vc_column_inner][vc_column_inner width=&#8221;3\/4&#8243;][vc_column_text el_class=&#8221;text-blue horizontal-separator lightblue&#8221; css=&#8221;.vc_custom_1636560230263{margin-bottom: 0px !important;}&#8221;]UMA Swiss AG \u00e8 specializzata in servizi fiduciari, strutturazione patrimoniale, pianificazione successoria e servizi aziendali per clienti internazionali, operando dalla sua sede a Zurigo, in Svizzera. Forniamo conoscenza, assistenza e servizi amministrativi agli imprenditori e alle loro famiglie con beni e strutture globali.[\/vc_column_text][\/vc_column_inner][\/vc_row_inner][vc_row_inner el_class=&#8221;list-of-services-blue&#8221;][vc_column_inner width=&#8221;1\/2&#8243;][vc_column_text el_class=&#8221;text-lightblue custom-mg&#8221;]<strong>UMA Swiss AG fornisce e coordina un&#8217;ampia gamma di soluzioni e servizi di assistenza che coprono questioni di gestione fiduciaria e pianificazione successoria, come:<\/strong>[\/vc_column_text][vc_column_text css=&#8221;.vc_custom_1636629056715{margin-bottom: 0px !important;}&#8221;]<\/p>\n<ul>\n<li>Pianificazione successoria<\/li>\n<li>Analisi fiscale fornita da consulenti esterni selezionati<\/li>\n<li>Selezione e implementazione di strutture e giurisdizioni appropriate per esigenze sia private che aziendali<\/li>\n<li>Servizi fiduciari<\/li>\n<\/ul>\n<p>[\/vc_column_text][\/vc_column_inner][vc_column_inner width=&#8221;1\/2&#8243;][vc_column_text css=&#8221;.vc_custom_1636629062365{margin-bottom: 0px !important;}&#8221;]<\/p>\n<ul>\n<li>Servizi di fondazione privata<\/li>\n<li>Societ\u00e0 di investimento per gli investitori privati<\/li>\n<li>Servizi di direzione aziendale<\/li>\n<li>Compliance, manutenzione continua e monitoraggio<\/li>\n<li>Gestione dei progetti delle strutture aziendali<\/li>\n<li>Servizi di migrazione\/trasferimento\/residenza<\/li>\n<li>Assistenza filantropica<\/li>\n<li>Gestione documentale consolidata<\/li>\n<\/ul>\n<p>[\/vc_column_text][\/vc_column_inner][\/vc_row_inner][\/vc_column][\/vc_row][vc_row css=&#8221;.vc_custom_1636632755429{background-color: #717171 !important;}&#8221; el_id=&#8221;trust-protector-services&#8221;][vc_column][vc_single_image image=&#8221;16&#8243; img_size=&#8221;full&#8221; el_class=&#8221;services-logo&#8221;][vc_row_inner el_class=&#8221;dsp-flex&#8221;][vc_column_inner width=&#8221;1\/4&#8243;][vc_custom_heading text=&#8221;Servizi Di Trust Protector&#8221; font_container=&#8221;tag:h3|text_align:left|color:%23fc6d39&#8243; use_theme_fonts=&#8221;yes&#8221; el_class=&#8221;services-title&#8221;][\/vc_column_inner][vc_column_inner width=&#8221;3\/4&#8243;][vc_column_text el_class=&#8221;text-white horizontal-separator white&#8221; css=&#8221;.vc_custom_1636980997472{margin-bottom: 0px !important;}&#8221;]In qualit\u00e0 di protector, il Gruppo UMA svolge compiti e doveri selezionati per il disponente o la famiglia. Nel tempo questi compiti e responsabilit\u00e0 possono essere adattati alle circostanze e alle esigenze.[\/vc_column_text][\/vc_column_inner][\/vc_row_inner][vc_column_text el_class=&#8221;text-white custom-mg&#8221;]I compiti e doveri possono includere:[\/vc_column_text][vc_row_inner el_class=&#8221;list-of-services-white&#8221;][vc_column_inner width=&#8221;1\/2&#8243;][vc_column_text css=&#8221;.vc_custom_1636629069356{margin-bottom: 0px !important;}&#8221;]<\/p>\n<ul>\n<li>Fornire il consenso o meno alle azioni proposte dai fiduciari<\/li>\n<li>Situazioni di conflitto di interessi<\/li>\n<li>Esecuzione di revisioni periodiche delle attivit\u00e0 fiduciarie<\/li>\n<li>Rapporto a disponenti e beneficiari e partecipazione alle riunioni dei fiduciari<\/li>\n<\/ul>\n<p>[\/vc_column_text][\/vc_column_inner][vc_column_inner width=&#8221;1\/2&#8243;][vc_column_text css=&#8221;.vc_custom_1636629074374{margin-bottom: 0px !important;}&#8221;]<\/p>\n<ul>\n<li>Diventare protector successori delle strutture fiduciarie esistenti<\/li>\n<li>Agire come richiedente autorizzato o come esecutore di un trust finalizzato<\/li>\n<li>Far parte del Comitato Protector<\/li>\n<\/ul>\n<p>[\/vc_column_text][\/vc_column_inner][\/vc_row_inner][vc_column_text el_class=&#8221;text-white&#8221;]In casi selezionati, possiamo anche agire come Consulenti di Distribuzione.[\/vc_column_text][vc_column_text el_class=&#8221;text-white&#8221;]Forniamo servizi dalla Svizzera e dalla Nuova Zelanda.[\/vc_column_text][\/vc_column][\/vc_row][vc_row el_id=&#8221;globally-family-office-services&#8221;][vc_column][vc_single_image image=&#8221;16&#8243; img_size=&#8221;full&#8221; el_class=&#8221;services-logo&#8221;][vc_row_inner el_class=&#8221;dsp-flex&#8221;][vc_column_inner width=&#8221;1\/4&#8243;][vc_custom_heading text=&#8221;Global family office services&#8221; font_container=&#8221;tag:h3|text_align:left|color:%23053331&#8243; use_theme_fonts=&#8221;yes&#8221; el_class=&#8221;services-title&#8221;][\/vc_column_inner][vc_column_inner width=&#8221;3\/4&#8243;][vc_column_text el_class=&#8221;dark-green horizontal-separator orange&#8221; css=&#8221;.vc_custom_1636561431967{margin-bottom: 0px !important;}&#8221;]<strong>Definire una visione e uno scopo per la famiglia e il suo patrimonio \u00e8 di massima importanza. Il corretto coordinamento \u00e8 un elemento chiave per il successo nel complesso contesto finanziario e legale di oggi. Miriamo a comprendere le esigenze e lo scopo delle famiglie in modo da poter assisterle come e dove necessario. <\/strong>[\/vc_column_text][\/vc_column_inner][\/vc_row_inner][vc_row_inner el_class=&#8221;list-of-services-green&#8221;][vc_column_inner width=&#8221;1\/2&#8243;][vc_column_text css=&#8221;.vc_custom_1636629081813{margin-bottom: 0px !important;}&#8221;]<\/p>\n<ul>\n<li><strong>Nomina di un team dedicato e specializzato per affrontare le questioni di Family Office<\/strong><\/li>\n<li><strong>Amministrazione della struttura giuridica e di investimento esistente<\/strong><\/li>\n<\/ul>\n<p>[\/vc_column_text][\/vc_column_inner][vc_column_inner width=&#8221;1\/2&#8243;][vc_column_text css=&#8221;.vc_custom_1636629086374{margin-bottom: 0px !important;}&#8221;]<\/p>\n<ul>\n<li><strong>Riunioni periodiche per rivedere le operazioni del Family Office e futuri progetti<\/strong><\/li>\n<li><strong>Vasta esperienza nel trattare con fornitori di Family Office, come istituzioni finanziarie, consulenti legali, societ\u00e0 di contabilit\u00e0, revisori dei conti, ecc.<\/strong><\/li>\n<\/ul>\n<p>[\/vc_column_text][\/vc_column_inner][\/vc_row_inner][\/vc_column][\/vc_row][vc_row css=&#8221;.vc_custom_1636633412508{background-color: #fc6d39 !important;}&#8221; el_id=&#8221;governance-services&#8221;][vc_column][vc_single_image image=&#8221;356&#8243; img_size=&#8221;full&#8221; el_class=&#8221;services-logo&#8221;][vc_row_inner el_class=&#8221;dsp-flex&#8221;][vc_column_inner width=&#8221;1\/4&#8243;][vc_custom_heading text=&#8221;Servizi Di Governance&#8221; font_container=&#8221;tag:h3|text_align:left|color:%23ffffff&#8221; use_theme_fonts=&#8221;yes&#8221; el_class=&#8221;services-title&#8221;][\/vc_column_inner][vc_column_inner width=&#8221;3\/4&#8243;][vc_column_text el_class=&#8221;text-white horizontal-separator white&#8221; css=&#8221;.vc_custom_1636561539727{margin-bottom: 0px !important;}&#8221;]Assistiamo il coordinamento e la gestione di tutte le componenti del patrimonio familiare facendo parte del team internazionale di consulenti dei nostri clienti.[\/vc_column_text][\/vc_column_inner][\/vc_row_inner][vc_column_text el_class=&#8221;text-white custom-mg&#8221;]Attraverso il nostro team interno di esperti e collaboratori, offriamo assistenza con:[\/vc_column_text][vc_row_inner el_class=&#8221;list-of-services-white white-bullets&#8221;][vc_column_inner width=&#8221;1\/2&#8243;][vc_column_text css=&#8221;.vc_custom_1636629091589{margin-bottom: 0px !important;}&#8221;]<\/p>\n<ul>\n<li>Governance familiare<\/li>\n<li>Allineamento dei principi e degli obiettivi della famiglia<\/li>\n<li>Supporto e coordinamento dei partner chiave<\/li>\n<li>Servizi specializzati di governance degli investimenti<\/li>\n<li>Governance operativa<\/li>\n<\/ul>\n<p>[\/vc_column_text][\/vc_column_inner][vc_column_inner width=&#8221;1\/2&#8243;][vc_column_text css=&#8221;.vc_custom_1636629095709{margin-bottom: 0px !important;}&#8221;]<\/p>\n<ul>\n<li>Strutturazione della Family Charter (carta familiare)<\/li>\n<li>Implementazione e valutazione del consiglio di famiglia<\/li>\n<li>Stabilire politiche e procedure di governance<\/li>\n<li>Accordi e strutture giuridiche<\/li>\n<li>Pianificazione della successione per le generazioni future<\/li>\n<\/ul>\n<p>[\/vc_column_text][\/vc_column_inner][\/vc_row_inner][\/vc_column][\/vc_row][vc_row el_id=&#8221;fund-services&#8221;][vc_column][vc_single_image image=&#8221;16&#8243; img_size=&#8221;full&#8221; el_class=&#8221;services-logo&#8221;][vc_row_inner el_class=&#8221;dsp-flex&#8221;][vc_column_inner width=&#8221;1\/4&#8243;][vc_custom_heading text=&#8221;Servizi Di Fondi E Supervisione Aziendale&#8221; font_container=&#8221;tag:h3|text_align:left|color:%23fc6d39&#8243; use_theme_fonts=&#8221;yes&#8221; el_class=&#8221;services-title&#8221;][\/vc_column_inner][vc_column_inner width=&#8221;3\/4&#8243;][vc_column_text el_class=&#8221;dark-green horizontal-separator darkgreen&#8221; css=&#8221;.vc_custom_1636562605123{margin-bottom: 0px !important;}&#8221;]<strong>Ci sforziamo di fornire il pi\u00f9 alto standard di servizio attraverso una rete di professionisti che copre le principali sedi di societ\u00e0, fiduciari e fondi globali, tra cui Regno Unito, Lussemburgo e Svizzera.<\/strong>[\/vc_column_text][\/vc_column_inner][\/vc_row_inner][vc_column_text el_class=&#8221;text-orange custom-mg&#8221;]<strong>Il nostro team in crescita composto da professionisti di grande esperienza sviluppa, integra e implementa soluzioni dal punto di vista di un manager, ma rimarr\u00e0 sempre consapevole delle preoccupazioni dell&#8217;investitore.<\/strong>[\/vc_column_text][vc_column_text el_class=&#8221;text-orange custom-mg&#8221;]<strong>L&#8217;esperienza e i servizi a valore aggiunto offerti dal nostro team di Lussemburgo ai clienti abbracciano diversi tipi di fondi e strutture legali:<\/strong>[\/vc_column_text][vc_row_inner el_class=&#8221;list-of-services-green&#8221;][vc_column_inner width=&#8221;1\/2&#8243;][vc_column_text css=&#8221;.vc_custom_1636629102198{margin-bottom: 0px !important;}&#8221;]<\/p>\n<ul>\n<li><strong>OICVM (Organismi di Investimento Collettivo in Valori Mobiliari). L&#8217;OICVM fornisce un quadro normativo europeo unico per un veicolo di investimento, il che significa che \u00e8 possibile commercializzare il veicolo in tutta l&#8217;UE senza preoccuparsi del paese in cui \u00e8 domiciliato. \u00c8 ideale per i fondi pubblici ed \u00e8 concepito per rafforzare il mercato unico mantenendo elevati livelli di protezione degli investitori. I fondi OICVM hanno avuto successo anche in Asia e in America Latina perch\u00e9 l&#8217;etichetta OICVM consente agli investitori di avere alcune garanzie che determinati requisiti normativi e di protezione vengano soddisfatti.<br \/>\n<\/strong><\/li>\n<\/ul>\n<p>[\/vc_column_text][\/vc_column_inner][vc_column_inner width=&#8221;1\/2&#8243;][vc_column_text css=&#8221;.vc_custom_1636629107518{margin-bottom: 0px !important;}&#8221;]<\/p>\n<ul>\n<li><strong>Fondi alternativi<\/strong><\/li>\n<li><strong>Fondi speculativi, Fondi Immobiliari, Fondi di Private Equity e Fondi di Private Debt<\/strong><\/li>\n<li><strong>Societ\u00e0 Veicolo di Cartolarizzazione<\/strong><\/li>\n<li><strong>Strutture di entit\u00e0 giuridiche per fondi pubblici e privati, tra cui:<\/strong>\n<ul>\n<li><strong>Societ\u00e0 \/ Holding (Sarl, SCA, SA)<\/strong><\/li>\n<li><strong>Partnership (SCS e SCSp)<\/strong><\/li>\n<li><strong>Strutture di fondi (SICAV, SIF e RAIF)<\/strong><\/li>\n<\/ul>\n<\/li>\n<\/ul>\n<p>[\/vc_column_text][\/vc_column_inner][\/vc_row_inner][vc_column_text el_class=&#8221;dark-green custom-mg&#8221;]<strong>Ci dedichiamo alla fornitura di servizi a valore aggiunto e alla progettazione di soluzioni flessibili e su misura per i professionisti dell&#8217;investimento\/gestione patrimoniale, migliorando la loro capacit\u00e0 di concentrarsi sulle funzioni principali: i manager che lavorano con il nostro team traggono vantaggio dall&#8217;esperienza collettiva, ricavando un valore quantificabile.<\/strong>[\/vc_column_text][vc_column_text el_class=&#8221;dark-green custom-mg&#8221;]<strong>Mentre un amministratore individuale viene scelto per l&#8217;analisi della Corporate Governance in un&#8217;azienda, l&#8217;esperienza collettiva del nostro team viene spesso selezionata per assistere i gestori degli investimenti\/del patrimonio nelle situazioni di sfida e gestione delle crisi per raggiungere la migliore soluzione possibile per il Fondo e i suoi stakeholder.<\/strong>[\/vc_column_text][vc_column_text el_class=&#8221;dark-green custom-mg&#8221;]<strong>Con una vasta esperienza in grandi istituzioni, il team del Gruppo UMA usa la propria professionalit\u00e0 ed entusiasmo in modo da offrire un&#8217;esperienza boutique per il gestore degli investimenti e le varie parti interessate.<\/strong>[\/vc_column_text][\/vc_column][\/vc_row]<\/p>\n","protected":false},"excerpt":{"rendered":"<p>[vc_row foundry_padding=&#8221;pt0 pb0&#8243;][vc_column][\/vc_column][\/vc_row][vc_row foundry_padding=&#8221;pt0 pb0&#8243; el_class=&#8221;sec-pd-top&#8221;][vc_column][vc_row_inner el_class=&#8221;alg-center&#8221; css=&#8221;.vc_custom_1635772523775{margin-bottom: 60px !important;}&#8221;][vc_column_inner][vc_custom_heading text=&#8221;I nostri servizi&#8221; font_container=&#8221;tag:h3|text_align:center|color:%23053331&#8243; use_theme_fonts=&#8221;yes&#8221; css_animation=&#8221;fadeInUpBig&#8221; el_class=&#8221;orange-underline&#8221;][\/vc_column_inner][\/vc_row_inner][vc_column_text css=&#8221;.vc_custom_1636556304808{margin-bottom: 0px !important;}&#8221; el_class=&#8221;dark-green&#8230;<\/p>\n","protected":false},"author":1,"featured_media":0,"parent":0,"menu_order":0,"comment_status":"closed","ping_status":"closed","template":"","meta":{"footnotes":""},"class_list":["post-3419","page","type-page","status-publish","hentry"],"_links":{"self":[{"href":"https:\/\/www.umawealth.com\/it\/wp-json\/wp\/v2\/pages\/3419","targetHints":{"allow":["GET"]}}],"collection":[{"href":"https:\/\/www.umawealth.com\/it\/wp-json\/wp\/v2\/pages"}],"about":[{"href":"https:\/\/www.umawealth.com\/it\/wp-json\/wp\/v2\/types\/page"}],"author":[{"embeddable":true,"href":"https:\/\/www.umawealth.com\/it\/wp-json\/wp\/v2\/users\/1"}],"replies":[{"embeddable":true,"href":"https:\/\/www.umawealth.com\/it\/wp-json\/wp\/v2\/comments?post=3419"}],"version-history":[{"count":9,"href":"https:\/\/www.umawealth.com\/it\/wp-json\/wp\/v2\/pages\/3419\/revisions"}],"predecessor-version":[{"id":5164,"href":"https:\/\/www.umawealth.com\/it\/wp-json\/wp\/v2\/pages\/3419\/revisions\/5164"}],"wp:attachment":[{"href":"https:\/\/www.umawealth.com\/it\/wp-json\/wp\/v2\/media?parent=3419"}],"curies":[{"name":"wp","href":"https:\/\/api.w.org\/{rel}","templated":true}]}}