{"id":3413,"date":"2021-11-10T17:14:45","date_gmt":"2021-11-10T17:14:45","guid":{"rendered":"https:\/\/www.umawealth.com\/il-nostro-approccio\/"},"modified":"2023-06-16T10:41:32","modified_gmt":"2023-06-16T10:41:32","slug":"il-nostro-approccio","status":"publish","type":"page","link":"https:\/\/www.umawealth.com\/it\/il-nostro-approccio\/","title":{"rendered":"Il nostro approccio"},"content":{"rendered":"<p>[vc_row foundry_padding=&#8221;pt0 pb0&#8243;][vc_column]\n\t\t\t<!-- START Our Approach REVOLUTION SLIDER 6.5.8 --><p class=\"rs-p-wp-fix\"><\/p>\n\t\t\t<rs-module-wrap id=\"rev_slider_8_1_wrapper\" data-source=\"gallery\" style=\"visibility:hidden;background:transparent;padding:0;margin:0px auto;margin-top:0;margin-bottom:0;\">\n\t\t\t\t<rs-module id=\"rev_slider_8_1\" style=\"\" data-version=\"6.5.8\">\n\t\t\t\t\t<rs-slides>\n\t\t\t\t\t\t<rs-slide style=\"position: absolute;\" data-key=\"rs-21\" data-title=\"Italian\" data-in=\"o:0;\" data-out=\"a:false;\">\n\t\t\t\t\t\t\t<img loading=\"lazy\" decoding=\"async\" src=\"\/\/www.umawealth.com\/wp-content\/plugins\/revslider\/public\/assets\/assets\/dummy.png\" title=\"our-approach banner\" width=\"1920\" height=\"945\" class=\"rev-slidebg tp-rs-img rs-lazyload\" data-lazyload=\"\/\/www.umawealth.com\/wp-content\/uploads\/2021\/11\/our-approach-banner.jpg\" data-no-retina>\n<!--\n\t\t\t\t\t\t\t--><h1\n\t\t\t\t\t\t\t\tid=\"slider-8-slide-21-layer-0\" \n\t\t\t\t\t\t\t\tclass=\"rs-layer\"\n\t\t\t\t\t\t\t\tdata-type=\"text\"\n\t\t\t\t\t\t\t\tdata-xy=\"xo:120px,120px,120px,40px;y:m;\"\n\t\t\t\t\t\t\t\tdata-text=\"w:normal;s:40,40,40,15;l:45,45,45,17;\"\n\t\t\t\t\t\t\t\tdata-basealign=\"slide\"\n\t\t\t\t\t\t\t\tdata-rsp_bd=\"off\"\n\t\t\t\t\t\t\t\tdata-frame_999=\"o:0;st:w;\"\n\t\t\t\t\t\t\t\tstyle=\"z-index:9;font-family:'Roboto';\"\n\t\t\t\t\t\t\t>Lavoriamo a stretto<br \/>\ncontatto con i nostri<br \/>\nclienti e i loro consulenti \n\t\t\t\t\t\t\t<\/h1><!--\n\n\t\t\t\t\t\t\t--><rs-layer\n\t\t\t\t\t\t\t\tid=\"slider-8-slide-21-layer-1\" \n\t\t\t\t\t\t\t\tdata-type=\"shape\"\n\t\t\t\t\t\t\t\tdata-rsp_ch=\"on\"\n\t\t\t\t\t\t\t\tdata-xy=\"xo:120px,120px,120px,40px;y:m;yo:91px,91px,91px,40px;\"\n\t\t\t\t\t\t\t\tdata-text=\"w:normal;s:20,20,20,7;l:0,0,0,9;\"\n\t\t\t\t\t\t\t\tdata-dim=\"w:200px,200px,200px,77px;h:3px,3px,3px,1px;\"\n\t\t\t\t\t\t\t\tdata-basealign=\"slide\"\n\t\t\t\t\t\t\t\tdata-frame_999=\"o:0;st:w;\"\n\t\t\t\t\t\t\t\tstyle=\"z-index:10;background-color:#fc6d39;\"\n\t\t\t\t\t\t\t> \n\t\t\t\t\t\t\t<\/rs-layer><!--\n\n\t\t\t\t\t\t\t--><rs-layer\n\t\t\t\t\t\t\t\tid=\"slider-8-slide-21-layer-3\" \n\t\t\t\t\t\t\t\tdata-type=\"shape\"\n\t\t\t\t\t\t\t\tdata-rsp_ch=\"on\"\n\t\t\t\t\t\t\t\tdata-text=\"w:normal;s:20,20,20,7;l:0,0,0,9;\"\n\t\t\t\t\t\t\t\tdata-dim=\"w:100%;h:100%;\"\n\t\t\t\t\t\t\t\tdata-basealign=\"slide\"\n\t\t\t\t\t\t\t\tdata-frame_999=\"o:0;st:w;\"\n\t\t\t\t\t\t\t\tstyle=\"z-index:8;background:linear-gradient(90deg, rgba(5,51,49,1) 0%, rgba(5,51,49,0.5) 52%, rgba(49,85,84,0) 62%, rgba(215,215,215,0) 100%);\"\n\t\t\t\t\t\t\t> \n\t\t\t\t\t\t\t<\/rs-layer><!--\n-->\t\t\t\t\t\t<\/rs-slide>\n\t\t\t\t\t<\/rs-slides>\n\t\t\t\t<\/rs-module>\n\t\t\t\t<script type=\"text\/javascript\">\n\t\t\t\t\tsetREVStartSize({c: 'rev_slider_8_1',rl:[1240,1240,1240,480],el:[600,600,600,400],gw:[1240,1240,1240,480],gh:[600,600,600,400],type:'hero',justify:'',layout:'fullwidth',mh:\"0\"});if (window.RS_MODULES!==undefined && window.RS_MODULES.modules!==undefined && window.RS_MODULES.modules[\"revslider81\"]!==undefined) {window.RS_MODULES.modules[\"revslider81\"].once = false;window.revapi8 = undefined;if (window.RS_MODULES.checkMinimal!==undefined) window.RS_MODULES.checkMinimal()}\n\t\t\t\t<\/script>\n\t\t\t<\/rs-module-wrap>\n\t\t\t<!-- END REVOLUTION SLIDER -->\n[\/vc_column][\/vc_row][vc_row foundry_padding=&#8221;pt0 pb0&#8243; el_class=&#8221;sec-pd-top&#8221;][vc_column][vc_row_inner el_class=&#8221;alg-center&#8221; css=&#8221;.vc_custom_1635772523775{margin-bottom: 60px !important;}&#8221;][vc_column_inner][vc_custom_heading text=&#8221;Il nostro approccio&#8221; font_container=&#8221;tag:h3|text_align:center|color:%23053331&#8243; use_theme_fonts=&#8221;yes&#8221; css_animation=&#8221;fadeInUpBig&#8221; el_class=&#8221;orange-underline&#8221;][\/vc_column_inner][\/vc_row_inner][vc_column_text css=&#8221;.vc_custom_1636564514574{margin-bottom: 0px !important;}&#8221; el_class=&#8221;dark-green mx-width&#8221;]<\/p>\n<p style=\"text-align: center;\">In UMA, lavoriamo a stretto contatto con i nostri clienti e i loro consulenti, come avvocati, banchieri, pianificatori finanziari e fiscalisti, per comprendere le circostanze e le esigenze loro e delle loro famiglie.<\/p>\n<p>[\/vc_column_text][\/vc_column][\/vc_row][vc_row equal_height=&#8221;yes&#8221; foundry_padding=&#8221;pt0 pb0&#8243; el_class=&#8221;sec-pd-top&#8221;][vc_column css_animation=&#8221;fadeInLeft&#8221; width=&#8221;1\/2&#8243;][vc_single_image image=&#8221;2611&#8243; img_size=&#8221;full&#8221; css_animation=&#8221;fadeInLeft&#8221; el_class=&#8221;cube-behind-top-left orange-box mx-height-img&#8221;][\/vc_column][vc_column css_animation=&#8221;fadeInRight&#8221; width=&#8221;1\/2&#8243; el_class=&#8221;col-no-pd col-pd-inner&#8221; css=&#8221;.vc_custom_1636385524265{background-color: #ffffff !important;}&#8221;][vc_custom_heading text=&#8221;Solo lavorando insieme possiamo garantire che i requisiti dei nostri clienti vengano soddisfatti. Interverremo se richiesto e stabiliremo insieme una struttura pi\u00f9 flessibile e solida e, se necessario, pi\u00f9 trasparente a livello internazionale e operativamente fattibile. &#8221; font_container=&#8221;tag:h4|text_align:left|color:%23053331&#8243; use_theme_fonts=&#8221;yes&#8221; el_class=&#8221;orange-title-h4&#8243;][vc_column_text el_class=&#8221;lighter-green&#8221;]Agiamo come membri del comitato di governance e di investimento, come fiduciari e protector, e facciamo parte del team di gestione patrimoniale del cliente utilizzando le nostre competenze professionali e le nostre societ\u00e0 dedicate o fornitori di servizi di terze parti specializzate.[\/vc_column_text][\/vc_column][\/vc_row][vc_row equal_height=&#8221;yes&#8221; foundry_padding=&#8221;pt0 pb0&#8243; el_class=&#8221;sec-pd-top ord-1 dsp-flex&#8221;][vc_column css_animation=&#8221;fadeInLeft&#8221; width=&#8221;1\/2&#8243; el_class=&#8221;col-no-pd col-pd-inner ord-2&#8243; css=&#8221;.vc_custom_1636628359960{background-color: #ffffff !important;}&#8221;][vc_custom_heading text=&#8221;I nostri servizi sono altamente personalizzati e prevedono un approccio modulare, in cui ogni modulo pu\u00f2 essere utilizzato singolarmente o congiuntamente.&#8221; font_container=&#8221;tag:h4|text_align:left|color:%23fc6d39&#8243; use_theme_fonts=&#8221;yes&#8221; el_class=&#8221;orange-title-h4&#8243;][vc_column_text el_class=&#8221;lighter-green&#8221;]In UMA garantiamo indipendenza e professionalit\u00e0, assicurando ai nostri clienti che lavoriamo con loro come partner e assistendoli nel loro processo decisionale. Lavoriamo per garantire che il benessere tanto dell&#8217;individuo come della famiglia sia salvaguardato e affinch\u00e9 i nostri clienti siano fiduciosi di avere un futuro pianificato e strutturato con un monitoraggio continuo.[\/vc_column_text][\/vc_column][vc_column css_animation=&#8221;fadeInLeft&#8221; width=&#8221;1\/2&#8243;][vc_single_image image=&#8221;370&#8243; img_size=&#8221;full&#8221; css_animation=&#8221;fadeInRight&#8221; el_class=&#8221;cube-behind-top-right green-box mx-height-img&#8221;][\/vc_column][\/vc_row][vc_row foundry_padding=&#8221;pt0 pb0&#8243; el_class=&#8221;sec-pd-top&#8221;][vc_column][vc_row_inner el_class=&#8221;alg-center&#8221; css=&#8221;.vc_custom_1635772523775{margin-bottom: 60px !important;}&#8221;][vc_column_inner][vc_custom_heading text=&#8221;UMA Wealth (Svizzera) AG \u00e8 membro di Step Zurich.&#8221; font_container=&#8221;tag:h3|text_align:center|color:%23053331&#8243; use_theme_fonts=&#8221;yes&#8221; css_animation=&#8221;fadeInUpBig&#8221; el_class=&#8221;orange-underline&#8221;][\/vc_column_inner][\/vc_row_inner][\/vc_column][\/vc_row][vc_row equal_height=&#8221;yes&#8221; foundry_padding=&#8221;pt0 pb0&#8243; el_class=&#8221;sec-pd-top ord-1 dsp-flex extra-flex&#8221; css=&#8221;.vc_custom_1658347561136{padding-bottom: 80px !important;}&#8221;][vc_column css_animation=&#8221;fadeInLeft&#8221; css=&#8221;.vc_custom_1658347320996{background-color: #ffffff !important;}&#8221; el_class=&#8221;extra-col&#8221;][vc_single_image image=&#8221;4367&#8243; img_size=&#8221;full&#8221; onclick=&#8221;custom_link&#8221; img_link_target=&#8221;_blank&#8221; css_animation=&#8221;fadeInLeft&#8221; el_class=&#8221;extra-img&#8221; link=&#8221;http:\/\/www.step-ch-fl.com\/&#8221;][\/vc_column][\/vc_row][vc_row foundry_padding=&#8221;pt0 pb0&#8243; el_class=&#8221;sec-pd-top&#8221;][vc_column][vc_row_inner el_class=&#8221;alg-center&#8221; css=&#8221;.vc_custom_1635772523775{margin-bottom: 60px !important;}&#8221;][vc_column_inner][vc_custom_heading text=&#8221;UMA Swiss AG \u00e8 regolamentata dal SO dell&#8217;AOOS &#8211; Societ\u00e0 anonima svizzera di vigilanza ed \u00e8 membro della SATC.&#8221; font_container=&#8221;tag:h3|text_align:center|color:%23053331&#8243; use_theme_fonts=&#8221;yes&#8221; css_animation=&#8221;fadeInUpBig&#8221; el_class=&#8221;orange-underline&#8221;][\/vc_column_inner][\/vc_row_inner][\/vc_column][\/vc_row][vc_row equal_height=&#8221;yes&#8221; foundry_padding=&#8221;pt0 pb0&#8243; el_class=&#8221;sec-pd-top ord-1 dsp-flex extra-flex&#8221; css=&#8221;.vc_custom_1658347561136{padding-bottom: 80px !important;}&#8221;][vc_column css_animation=&#8221;fadeInLeft&#8221; width=&#8221;1\/2&#8243; css=&#8221;.vc_custom_1686911734281{background-color: #ffffff !important;}&#8221; el_class=&#8221;extra-col&#8221;][vc_single_image image=&#8221;4373&#8243; img_size=&#8221;full&#8221; onclick=&#8221;custom_link&#8221; img_link_target=&#8221;_blank&#8221; css_animation=&#8221;fadeInLeft&#8221; el_class=&#8221;extra-img&#8221; link=&#8221;http:\/\/www.step-ch-fl.com\/&#8221;][\/vc_column][vc_column css_animation=&#8221;fadeInLeft&#8221; width=&#8221;1\/2&#8243; el_class=&#8221;extra-col&#8221;][vc_single_image image=&#8221;4379&#8243; img_size=&#8221;full&#8221; onclick=&#8221;custom_link&#8221; img_link_target=&#8221;_blank&#8221; css_animation=&#8221;fadeInRight&#8221; el_class=&#8221;extra-img&#8221; link=&#8221;https:\/\/www.satc.ch\/&#8221;][\/vc_column][\/vc_row][vc_row foundry_padding=&#8221;pt0 pb0&#8243; el_class=&#8221;sec-pd-top&#8221; css=&#8221;.vc_custom_1636389280453{background-color: #053331 !important;}&#8221;][vc_column][vc_row_inner el_class=&#8221;alg-center&#8221; css=&#8221;.vc_custom_1635772523775{margin-bottom: 60px !important;}&#8221;][vc_column_inner][vc_custom_heading text=&#8221;Il nostro approccio&#8221; font_container=&#8221;tag:h3|text_align:center|color:%23053331&#8243; use_theme_fonts=&#8221;yes&#8221; css_animation=&#8221;fadeInUpBig&#8221; el_class=&#8221;orange-underline&#8221;][\/vc_column_inner][\/vc_row_inner][vc_row_inner el_class=&#8221;alg-center&#8221; css=&#8221;.vc_custom_1636390145129{margin-bottom: 60px !important;}&#8221;][vc_column_inner][vc_custom_heading text=&#8221;I nostri Valori e Obiettivi&#8221; font_container=&#8221;tag:h3|text_align:center|color:%23fc6d39&#8243; use_theme_fonts=&#8221;yes&#8221; css_animation=&#8221;fadeInUpBig&#8221; el_class=&#8221;white-title-underline&#8221;][\/vc_column_inner][\/vc_row_inner][vc_column_text el_class=&#8221;text-white mx-width&#8221; css=&#8221;.vc_custom_1636564952791{margin-bottom: 60px !important;}&#8221;]<\/p>\n<p style=\"text-align: center;\">Siamo partner fidati di molte famiglie e siamo orgogliosi di strutturare il loro patrimonio affinch\u00e9 sia loro che le generazioni future possano goderne appieno. Garantiamo che: <\/p>\n<p>[\/vc_column_text][vc_row_inner el_class=&#8221;list-of-services-white&#8221;][vc_column_inner width=&#8221;1\/2&#8243;][vc_column_text]<\/p>\n<ul>\n<li>Agiamo in modo professionale e diligente<\/li>\n<li>Sempre a norma di legge<\/li>\n<li>Sempre allineati agli interessi dei nostri clienti<\/li>\n<li>Siamo indipendenti, obiettivi e trasparenti, evitando conflitti di interesse<\/li>\n<li>Forniamo servizi basati su competenza, privacy e riservatezza<\/li>\n<li>Dedichiamo del tempo a comprendere le esigenze e gli obiettivi del cliente<\/li>\n<\/ul>\n<p>[\/vc_column_text][\/vc_column_inner][vc_column_inner width=&#8221;1\/2&#8243;][vc_column_text]<\/p>\n<ul>\n<li>Manteniamo ci\u00f2 che promettiamo: la qualit\u00e0 prima di tutto!<\/li>\n<li>Forniamo un approccio olistico attraverso competenze, comunicazione, collaborazione e coordinamento delle esigenze dei nostri clienti<\/li>\n<li>Implementazione e mantenimento di strutture transfrontaliere conformi alle normative<\/li>\n<li>Siamo consulenti globali per clienti e famiglie selezionati, offrendo soluzioni e strutture legali solide e conformi alle normative<\/li>\n<li>Offriamo servizi, non vendiamo prodotti!<\/li>\n<\/ul>\n<p>[\/vc_column_text][\/vc_column_inner][\/vc_row_inner][\/vc_column][\/vc_row][vc_row foundry_padding=&#8221;pt0 pb0&#8243; foundry_parallax=&#8221;not-parallax&#8221; css=&#8221;.vc_custom_1636628708498{background-color: #053331 !important;}&#8221; el_class=&#8221;sec-pd-top dsp-flex no-pd-mob&#8221;][vc_column width=&#8221;1\/2&#8243;][vc_single_image image=&#8221;374&#8243; img_size=&#8221;full&#8221; css_animation=&#8221;fadeInLeft&#8221; el_class=&#8221;cube-behind-top-left orange-box mx-height-img&#8221;][\/vc_column][vc_column width=&#8221;1\/2&#8243; el_class=&#8221;col-no-pd col-pd-inner&#8221; css=&#8221;.vc_custom_1636565866046{background-color: #053331 !important;}&#8221;][vc_column_text el_class=&#8221;text-white&#8221;]<b>Nota:<\/b> I professionisti del Gruppo UMA seguono e rispettano sia la giurisdizione locale che gli standard di condotta globali. Lo facciamo agendo sempre nel migliore interesse dei nostri clienti quando forniamo loro i nostri servizi. I nostri professionisti soddisfano gli standard pi\u00f9 elevati e sostengono i principi di integrit\u00e0, obiettivit\u00e0, competenza, correttezza, riservatezza, professionalit\u00e0 e diligenza cos\u00ec come vengono delineati nelle varie organizzazioni professionali di cui siamo membri. Forniamo sempre un alto livello di servizio etico e competente.[\/vc_column_text][\/vc_column][\/vc_row]<\/p>\n","protected":false},"excerpt":{"rendered":"<p>[vc_row foundry_padding=&#8221;pt0 pb0&#8243;][vc_column][\/vc_column][\/vc_row][vc_row foundry_padding=&#8221;pt0 pb0&#8243; el_class=&#8221;sec-pd-top&#8221;][vc_column][vc_row_inner el_class=&#8221;alg-center&#8221; css=&#8221;.vc_custom_1635772523775{margin-bottom: 60px !important;}&#8221;][vc_column_inner][vc_custom_heading text=&#8221;Il nostro approccio&#8221; font_container=&#8221;tag:h3|text_align:center|color:%23053331&#8243; use_theme_fonts=&#8221;yes&#8221; css_animation=&#8221;fadeInUpBig&#8221; el_class=&#8221;orange-underline&#8221;][\/vc_column_inner][\/vc_row_inner][vc_column_text css=&#8221;.vc_custom_1636564514574{margin-bottom: 0px !important;}&#8221; el_class=&#8221;dark-green&#8230;<\/p>\n","protected":false},"author":1,"featured_media":0,"parent":0,"menu_order":0,"comment_status":"closed","ping_status":"closed","template":"","meta":{"footnotes":""},"class_list":["post-3413","page","type-page","status-publish","hentry"],"_links":{"self":[{"href":"https:\/\/www.umawealth.com\/it\/wp-json\/wp\/v2\/pages\/3413","targetHints":{"allow":["GET"]}}],"collection":[{"href":"https:\/\/www.umawealth.com\/it\/wp-json\/wp\/v2\/pages"}],"about":[{"href":"https:\/\/www.umawealth.com\/it\/wp-json\/wp\/v2\/types\/page"}],"author":[{"embeddable":true,"href":"https:\/\/www.umawealth.com\/it\/wp-json\/wp\/v2\/users\/1"}],"replies":[{"embeddable":true,"href":"https:\/\/www.umawealth.com\/it\/wp-json\/wp\/v2\/comments?post=3413"}],"version-history":[{"count":6,"href":"https:\/\/www.umawealth.com\/it\/wp-json\/wp\/v2\/pages\/3413\/revisions"}],"predecessor-version":[{"id":4391,"href":"https:\/\/www.umawealth.com\/it\/wp-json\/wp\/v2\/pages\/3413\/revisions\/4391"}],"wp:attachment":[{"href":"https:\/\/www.umawealth.com\/it\/wp-json\/wp\/v2\/media?parent=3413"}],"curies":[{"name":"wp","href":"https:\/\/api.w.org\/{rel}","templated":true}]}}