{"id":3620,"date":"2021-11-10T14:37:52","date_gmt":"2021-11-10T14:37:52","guid":{"rendered":"https:\/\/www.umawealth.com\/nos-services\/"},"modified":"2025-02-03T16:20:11","modified_gmt":"2025-02-03T16:20:11","slug":"nos-services","status":"publish","type":"page","link":"https:\/\/www.umawealth.com\/fr\/nos-services\/","title":{"rendered":"Nos services"},"content":{"rendered":"<p>[vc_row foundry_padding=\u00a0\u00bbpt0 pb0&Prime;][vc_column]\n\t\t\t<!-- START Our Services Page REVOLUTION SLIDER 6.5.8 --><p class=\"rs-p-wp-fix\"><\/p>\n\t\t\t<rs-module-wrap id=\"rev_slider_7_1_wrapper\" data-source=\"gallery\" style=\"visibility:hidden;background:transparent;padding:0;margin:0px auto;margin-top:0;margin-bottom:0;\">\n\t\t\t\t<rs-module id=\"rev_slider_7_1\" style=\"\" data-version=\"6.5.8\">\n\t\t\t\t\t<rs-slides>\n\t\t\t\t\t\t<rs-slide style=\"position: absolute;\" data-key=\"rs-27\" data-title=\"French\" data-in=\"o:0;\" data-out=\"a:false;\">\n\t\t\t\t\t\t\t<img loading=\"lazy\" decoding=\"async\" src=\"\/\/www.umawealth.com\/wp-content\/plugins\/revslider\/public\/assets\/assets\/dummy.png\" title=\"london\" width=\"1920\" height=\"945\" class=\"rev-slidebg tp-rs-img rs-lazyload\" data-lazyload=\"\/\/www.umawealth.com\/wp-content\/uploads\/2021\/11\/london.jpg\" data-no-retina>\n<!--\n\t\t\t\t\t\t\t--><h1\n\t\t\t\t\t\t\t\tid=\"slider-7-slide-27-layer-0\" \n\t\t\t\t\t\t\t\tclass=\"rs-layer\"\n\t\t\t\t\t\t\t\tdata-type=\"text\"\n\t\t\t\t\t\t\t\tdata-xy=\"xo:120px,120px,120px,40px;y:m;\"\n\t\t\t\t\t\t\t\tdata-text=\"w:normal;s:40,40,40,15;l:45,45,45,17;\"\n\t\t\t\t\t\t\t\tdata-basealign=\"slide\"\n\t\t\t\t\t\t\t\tdata-rsp_bd=\"off\"\n\t\t\t\t\t\t\t\tdata-frame_999=\"o:0;st:w;\"\n\t\t\t\t\t\t\t\tstyle=\"z-index:9;font-family:'Roboto';\"\n\t\t\t\t\t\t\t>Notre objectif principal est<br \/>\nd\u2019aider les clients \u00e0 prot\u00e9ger<br \/>\nleurs actifs mondiaux \n\t\t\t\t\t\t\t<\/h1><!--\n\n\t\t\t\t\t\t\t--><rs-layer\n\t\t\t\t\t\t\t\tid=\"slider-7-slide-27-layer-1\" \n\t\t\t\t\t\t\t\tdata-type=\"shape\"\n\t\t\t\t\t\t\t\tdata-rsp_ch=\"on\"\n\t\t\t\t\t\t\t\tdata-xy=\"xo:120px,120px,120px,40px;y:m;yo:91px,91px,91px,40px;\"\n\t\t\t\t\t\t\t\tdata-text=\"w:normal;s:20,20,20,7;l:0,0,0,9;\"\n\t\t\t\t\t\t\t\tdata-dim=\"w:200px,200px,200px,77px;h:3px,3px,3px,1px;\"\n\t\t\t\t\t\t\t\tdata-basealign=\"slide\"\n\t\t\t\t\t\t\t\tdata-frame_999=\"o:0;st:w;\"\n\t\t\t\t\t\t\t\tstyle=\"z-index:10;background-color:#fc6d39;\"\n\t\t\t\t\t\t\t> \n\t\t\t\t\t\t\t<\/rs-layer><!--\n\n\t\t\t\t\t\t\t--><rs-layer\n\t\t\t\t\t\t\t\tid=\"slider-7-slide-27-layer-3\" \n\t\t\t\t\t\t\t\tdata-type=\"shape\"\n\t\t\t\t\t\t\t\tdata-rsp_ch=\"on\"\n\t\t\t\t\t\t\t\tdata-text=\"w:normal;s:20,20,20,7;l:0,0,0,9;\"\n\t\t\t\t\t\t\t\tdata-dim=\"w:100%;h:100%;\"\n\t\t\t\t\t\t\t\tdata-basealign=\"slide\"\n\t\t\t\t\t\t\t\tdata-frame_999=\"o:0;st:w;\"\n\t\t\t\t\t\t\t\tstyle=\"z-index:8;background:linear-gradient(90deg, rgba(5,51,49,1) 0%, rgba(5,51,49,0.5) 52%, rgba(49,85,84,0) 62%, rgba(215,215,215,0) 100%);\"\n\t\t\t\t\t\t\t> \n\t\t\t\t\t\t\t<\/rs-layer><!--\n-->\t\t\t\t\t\t<\/rs-slide>\n\t\t\t\t\t<\/rs-slides>\n\t\t\t\t<\/rs-module>\n\t\t\t\t<script type=\"text\/javascript\">\n\t\t\t\t\tsetREVStartSize({c: 'rev_slider_7_1',rl:[1240,1240,1240,480],el:[600,600,600,400],gw:[1240,1240,1240,480],gh:[600,600,600,400],type:'hero',justify:'',layout:'fullwidth',mh:\"0\"});if (window.RS_MODULES!==undefined && window.RS_MODULES.modules!==undefined && window.RS_MODULES.modules[\"revslider71\"]!==undefined) {window.RS_MODULES.modules[\"revslider71\"].once = false;window.revapi7 = undefined;if (window.RS_MODULES.checkMinimal!==undefined) window.RS_MODULES.checkMinimal()}\n\t\t\t\t<\/script>\n\t\t\t<\/rs-module-wrap>\n\t\t\t<!-- END REVOLUTION SLIDER -->\n[\/vc_column][\/vc_row][vc_row foundry_padding=\u00a0\u00bbpt0 pb0&Prime; el_class=\u00a0\u00bbsec-pd-top\u00a0\u00bb][vc_column][vc_row_inner el_class=\u00a0\u00bbalg-center\u00a0\u00bb css=\u00a0\u00bb.vc_custom_1635772523775{margin-bottom: 60px !important;}\u00a0\u00bb][vc_column_inner][vc_custom_heading text=\u00a0\u00bbNos services\u00a0\u00bb font_container=\u00a0\u00bbtag:h3|text_align:center|color:%23053331&Prime; use_theme_fonts=\u00a0\u00bbyes\u00a0\u00bb css_animation=\u00a0\u00bbfadeInUpBig\u00a0\u00bb el_class=\u00a0\u00bborange-underline\u00a0\u00bb][\/vc_column_inner][\/vc_row_inner][vc_column_text css=\u00a0\u00bb.vc_custom_1636556304808{margin-bottom: 0px !important;}\u00a0\u00bb el_class=\u00a0\u00bbdark-green mx-width\u00a0\u00bb]<\/p>\n<p style=\"text-align: center;\">Chez UMA Group, notre objectif principal est d\u2019aider les clients \u00e0 prot\u00e9ger et \u00e0 structurer leurs actifs globaux et le transfert organis\u00e9 \u00e0 la (aux) g\u00e9n\u00e9ration(s) future(s), en plus du d\u00e9veloppement et du maintien de la structure de gouvernance globale de la famille.<\/p>\n<p>[\/vc_column_text][\/vc_column][\/vc_row][vc_row equal_height=\u00a0\u00bbyes\u00a0\u00bb foundry_padding=\u00a0\u00bbpt0 pb0&Prime; el_class=\u00a0\u00bbsec-pd-top dsp-flex\u00a0\u00bb][vc_column css_animation=\u00a0\u00bbfadeInLeft\u00a0\u00bb width=\u00a0\u00bb1\/2&Prime;][vc_single_image image=\u00a0\u00bb2565&Prime; img_size=\u00a0\u00bbfull\u00a0\u00bb css_animation=\u00a0\u00bbfadeInLeft\u00a0\u00bb el_class=\u00a0\u00bbcube-behind-top-left orange-box mx-height-img\u00a0\u00bb][\/vc_column][vc_column css_animation=\u00a0\u00bbfadeInRight\u00a0\u00bb width=\u00a0\u00bb1\/2&Prime; el_class=\u00a0\u00bbcol-no-pd col-pd-inner\u00a0\u00bb css=\u00a0\u00bb.vc_custom_1636385524265{background-color: #ffffff !important;}\u00a0\u00bb][vc_custom_heading text=\u00a0\u00bbNous assurons une synergie constante avec les conseillers sp\u00e9cialis\u00e9s de nos clients et entretenons des relations professionnelles d\u00e9j\u00e0 \u00e9tablies et de confiance. Nous visons une coordination efficace en tant qu\u2019\u00e9l\u00e9ment cl\u00e9 entre les avocats, les conseillers financiers et les autres sp\u00e9cialistes des services patrimoniaux lorsqu\u2019il s\u2019agit de respecter la conformit\u00e9 et les objectifs de planification financi\u00e8re des clients.\u00a0\u00bb font_container=\u00a0\u00bbtag:h4|text_align:left|color:%23053331&Prime; use_theme_fonts=\u00a0\u00bbyes\u00a0\u00bb el_class=\u00a0\u00bborange-title-h4&Prime;][\/vc_column][\/vc_row][vc_row css=\u00a0\u00bb.vc_custom_1636633389933{background-color: #053331 !important;}\u00a0\u00bb el_id=\u00a0\u00bbcross-border-wealth-planning\u00a0\u00bb][vc_column][vc_single_image image=\u00a0\u00bb16&Prime; img_size=\u00a0\u00bbfull\u00a0\u00bb el_class=\u00a0\u00bbservices-logo\u00a0\u00bb][vc_row_inner el_class=\u00a0\u00bbdsp-flex\u00a0\u00bb][vc_column_inner width=\u00a0\u00bb1\/4&Prime;][vc_custom_heading text=\u00a0\u00bbPlanification du patrimoine transfrontalier\u00a0\u00bb font_container=\u00a0\u00bbtag:h3|text_align:left|color:%23fc6d39&Prime; use_theme_fonts=\u00a0\u00bbyes\u00a0\u00bb el_class=\u00a0\u00bbservices-title\u00a0\u00bb][\/vc_column_inner][vc_column_inner width=\u00a0\u00bb3\/4&Prime;][vc_column_text el_class=\u00a0\u00bbtext-white horizontal-separator white\u00a0\u00bb css=\u00a0\u00bb.vc_custom_1636978558135{margin-bottom: 0px !important;}\u00a0\u00bb]UMA Group offre des conseils hautement personnalis\u00e9s et qualifi\u00e9s, fond\u00e9s sur la recherche, aux particuliers ou aux familles et \u00e0 leurs activit\u00e9s commerciales et financi\u00e8res dans le monde entier.[\/vc_column_text][\/vc_column_inner][\/vc_row_inner][vc_row_inner el_class=\u00a0\u00bblist-of-services-white\u00a0\u00bb][vc_column_inner width=\u00a0\u00bb1\/2&Prime;][vc_column_text css=\u00a0\u00bb.vc_custom_1636629041027{margin-bottom: 0px !important;}\u00a0\u00bb]<\/p>\n<ul>\n<li>Coordination et liaison avec les prestataires tiers, services d\u2019audit et de gestion de patrimoine<\/li>\n<li>Services de fiscalit\u00e9, de comptabilit\u00e9 et de consolidation du patrimoine<\/li>\n<li>Rapports consolid\u00e9s sur tous les actifs et suivi des performances<\/li>\n<li>Analyse des risques et analyse des objectifs d\u2019investissement par rapport aux contraintes li\u00e9es aux investissements<\/li>\n<li>\u00c9laboration de strat\u00e9gies financi\u00e8res et successorales \u00e0 long terme<\/li>\n<li>Coordination de la vente\/achat de biens de luxe (transactions immobili\u00e8res, d\u2019avions, de yachts et d\u2019art)<\/li>\n<\/ul>\n<p>[\/vc_column_text][\/vc_column_inner][vc_column_inner width=\u00a0\u00bb1\/2&Prime;][vc_column_text css=\u00a0\u00bb.vc_custom_1636629049171{margin-bottom: 0px !important;}\u00a0\u00bb]<\/p>\n<ul>\n<li>Surveillance des actifs et processus op\u00e9rationnels<\/li>\n<li>Administration de la gestion financi\u00e8re et gestion des relations avec la banque d\u00e9positaire<\/li>\n<li>Structuration des solutions de fonds Private Label sur mesure<\/li>\n<li>Acc\u00e8s aux capitaux priv\u00e9s<\/li>\n<li>Services de transactions de fusions et acquisitions<\/li>\n<li>Services de soutien financier<\/li>\n<\/ul>\n<p>[\/vc_column_text][\/vc_column_inner][\/vc_row_inner][\/vc_column][\/vc_row][vc_row css=\u00a0\u00bb.vc_custom_1636632719882{background-color: #ffffff !important;}\u00a0\u00bb el_id=\u00a0\u00bbtrust-and-estate-planning\u00a0\u00bb][vc_column][vc_single_image image=\u00a0\u00bb25&Prime; img_size=\u00a0\u00bbfull\u00a0\u00bb el_class=\u00a0\u00bbservices-logo\u00a0\u00bb][vc_row_inner el_class=\u00a0\u00bbdsp-flex\u00a0\u00bb][vc_column_inner width=\u00a0\u00bb1\/4&Prime;][vc_custom_heading text=\u00a0\u00bbPlanification fiduciaire et successorale\u00a0\u00bb font_container=\u00a0\u00bbtag:h3|text_align:left|color:%23212f54&Prime; use_theme_fonts=\u00a0\u00bbyes\u00a0\u00bb el_class=\u00a0\u00bbservices-title\u00a0\u00bb][\/vc_column_inner][vc_column_inner width=\u00a0\u00bb3\/4&Prime;][vc_column_text el_class=\u00a0\u00bbtext-blue horizontal-separator lightblue\u00a0\u00bb css=\u00a0\u00bb.vc_custom_1636560230263{margin-bottom: 0px !important;}\u00a0\u00bb]UMA Swiss AG est sp\u00e9cialis\u00e9e dans les services fiduciaires, la structuration du patrimoine, la planification successorale et les services aux entreprises pour les clients internationaux depuis son bureau de Zurich, en Suisse. Nous fournissons des connaissances, des conseils et des services administratifs aux entrepreneurs et \u00e0 leurs familles disposant de structures et d\u2019actifs mondiaux.[\/vc_column_text][\/vc_column_inner][\/vc_row_inner][vc_row_inner el_class=\u00a0\u00bblist-of-services-blue\u00a0\u00bb][vc_column_inner width=\u00a0\u00bb1\/2&Prime;][vc_column_text el_class=\u00a0\u00bbtext-lightblue custom-mg\u00a0\u00bb]<strong>UMA Swiss AG fournit et coordonne une large gamme de solutions et de services d\u2019assistance couvrant les th\u00e8mes de la planification fiduciaire et successorale tels que :<\/strong>[\/vc_column_text][vc_column_text css=\u00a0\u00bb.vc_custom_1636629056715{margin-bottom: 0px !important;}\u00a0\u00bb]<\/p>\n<ul>\n<li>Planification de la succession et de la rel\u00e8ve<\/li>\n<li>Analyse fiscale fournie par des conseillers externes qualifi\u00e9s<\/li>\n<li>S\u00e9lection et mise en \u0153uvre d\u2019une structure et d\u2019une juridiction appropri\u00e9es pour les besoins priv\u00e9s et professionnels<\/li>\n<li>Services fiduciaires<\/li>\n<\/ul>\n<p>[\/vc_column_text][\/vc_column_inner][vc_column_inner width=\u00a0\u00bb1\/2&Prime;][vc_column_text css=\u00a0\u00bb.vc_custom_1636629062365{margin-bottom: 0px !important;}\u00a0\u00bb]<\/p>\n<ul>\n<li>Services aux fondations priv\u00e9es<\/li>\n<li>Soci\u00e9t\u00e9s d\u2019investissement priv\u00e9es<\/li>\n<li>Services aux directeurs d\u2019entreprise<\/li>\n<li>Conformit\u00e9, maintenance continue et suivi<\/li>\n<li>Gestion de projet de structures d\u2019entreprise<\/li>\n<li>Services de migration\/r\u00e9installation\/r\u00e9sidence<\/li>\n<li>Soutien \u00e0 la philanthropie<\/li>\n<li>Gestion consolid\u00e9e des documents<\/li>\n<\/ul>\n<p>[\/vc_column_text][\/vc_column_inner][\/vc_row_inner][\/vc_column][\/vc_row][vc_row css=\u00a0\u00bb.vc_custom_1636632755429{background-color: #717171 !important;}\u00a0\u00bb el_id=\u00a0\u00bbtrust-protector-services\u00a0\u00bb][vc_column][vc_single_image image=\u00a0\u00bb16&Prime; img_size=\u00a0\u00bbfull\u00a0\u00bb el_class=\u00a0\u00bbservices-logo\u00a0\u00bb][vc_row_inner el_class=\u00a0\u00bbdsp-flex\u00a0\u00bb][vc_column_inner width=\u00a0\u00bb1\/4&Prime;][vc_custom_heading text=\u00a0\u00bbServices de protection &#8211; Trust\u00a0\u00bb font_container=\u00a0\u00bbtag:h3|text_align:left|color:%23fc6d39&Prime; use_theme_fonts=\u00a0\u00bbyes\u00a0\u00bb el_class=\u00a0\u00bbservices-title\u00a0\u00bb][\/vc_column_inner][vc_column_inner width=\u00a0\u00bb3\/4&Prime;][vc_column_text el_class=\u00a0\u00bbtext-white horizontal-separator white\u00a0\u00bb css=\u00a0\u00bb.vc_custom_1636980997472{margin-bottom: 0px !important;}\u00a0\u00bb]En tant que protecteur, UMA Group ex\u00e9cute certaines t\u00e2ches et certains devoirs pour le constituant ou la famille. Au fil du temps, ces t\u00e2ches et responsabilit\u00e9s peuvent \u00eatre adapt\u00e9es en fonction des circonstances et des besoins.[\/vc_column_text][\/vc_column_inner][\/vc_row_inner][vc_column_text el_class=\u00a0\u00bbtext-white custom-mg\u00a0\u00bb]Les t\u00e2ches et les fonctions peuvent comprendre ce qui suit :[\/vc_column_text][vc_row_inner el_class=\u00a0\u00bblist-of-services-white\u00a0\u00bb][vc_column_inner width=\u00a0\u00bb1\/2&Prime;][vc_column_text css=\u00a0\u00bb.vc_custom_1636629069356{margin-bottom: 0px !important;}\u00a0\u00bb]<\/p>\n<ul>\n<li>Donner son consentement ou non aux actions propos\u00e9es par les fiduciaires<\/li>\n<li>Situations de conflit d\u2019int\u00e9r\u00eats<\/li>\n<li>Effectuer des examens p\u00e9riodiques des activit\u00e9s de la fiducie<\/li>\n<li>Rendre compte aux constituants et aux b\u00e9n\u00e9ficiaires et assister aux r\u00e9unions des fiduciaires<\/li>\n<\/ul>\n<p>[\/vc_column_text][\/vc_column_inner][vc_column_inner width=\u00a0\u00bb1\/2&Prime;][vc_column_text css=\u00a0\u00bb.vc_custom_1636629074374{margin-bottom: 0px !important;}\u00a0\u00bb]<\/p>\n<ul>\n<li>Devenir les protecteurs successeurs de structures fiduciaires existantes<\/li>\n<li>Agir en tant que demandeur autoris\u00e9 ou en tant qu\u2019ex\u00e9cutant d\u2019une fiducie \u00e0 but d\u00e9termin\u00e9<\/li>\n<li>Faire partie du Comit\u00e9 des protecteurs<\/li>\n<\/ul>\n<p>[\/vc_column_text][\/vc_column_inner][\/vc_row_inner][vc_column_text el_class=\u00a0\u00bbtext-white\u00a0\u00bb]Sur une base s\u00e9lective, nous pouvons \u00e9galement agir en tant que conseiller en distribution.[\/vc_column_text][vc_column_text el_class=\u00a0\u00bbtext-white\u00a0\u00bb]Nous fournissons des services de protection depuis la Suisse et la Nouvelle-Z\u00e9lande.[\/vc_column_text][\/vc_column][\/vc_row][vc_row el_id=\u00a0\u00bbglobally-family-office-services\u00a0\u00bb][vc_column][vc_single_image image=\u00a0\u00bb16&Prime; img_size=\u00a0\u00bbfull\u00a0\u00bb el_class=\u00a0\u00bbservices-logo\u00a0\u00bb][vc_row_inner el_class=\u00a0\u00bbdsp-flex\u00a0\u00bb][vc_column_inner width=\u00a0\u00bb1\/4&Prime;][vc_custom_heading text=\u00a0\u00bbServices de family office \u00e0 l\u2019\u00e9chelle mondiale\u00a0\u00bb font_container=\u00a0\u00bbtag:h3|text_align:left|color:%23053331&Prime; use_theme_fonts=\u00a0\u00bbyes\u00a0\u00bb el_class=\u00a0\u00bbservices-title\u00a0\u00bb][\/vc_column_inner][vc_column_inner width=\u00a0\u00bb3\/4&Prime;][vc_column_text el_class=\u00a0\u00bbdark-green horizontal-separator orange\u00a0\u00bb css=\u00a0\u00bb.vc_custom_1636561431967{margin-bottom: 0px !important;}\u00a0\u00bb]<strong>D\u00e9finir une vision et un objectif pour la famille et son patrimoine est notre priorit\u00e9. Une bonne coordination est un \u00e9l\u00e9ment cl\u00e9 de la r\u00e9ussite dans l\u2019environnement financier et juridique complexe d\u2019aujourd\u2019hui. Nous cherchons \u00e0 comprendre les besoins et les objectifs des familles afin de pouvoir les aider en cas de besoin : <\/strong>[\/vc_column_text][\/vc_column_inner][\/vc_row_inner][vc_row_inner el_class=\u00a0\u00bblist-of-services-green\u00a0\u00bb][vc_column_inner width=\u00a0\u00bb1\/2&Prime;][vc_column_text css=\u00a0\u00bb.vc_custom_1636629081813{margin-bottom: 0px !important;}\u00a0\u00bb]<\/p>\n<ul>\n<li><strong>D\u00e9signation d\u2019une \u00e9quipe d\u00e9di\u00e9e et sp\u00e9cialis\u00e9e pour s\u2019occuper des questions relatives au family office<\/strong><\/li>\n<li><strong>Administration de la structure juridique et d\u2019investissement existante<\/strong><\/li>\n<\/ul>\n<p>[\/vc_column_text][\/vc_column_inner][vc_column_inner width=\u00a0\u00bb1\/2&Prime;][vc_column_text css=\u00a0\u00bb.vc_custom_1636629086374{margin-bottom: 0px !important;}\u00a0\u00bb]<\/p>\n<ul>\n<li><strong>R\u00e9unions p\u00e9riodiques pour examiner les op\u00e9rations du family office et les projets futurs<\/strong><\/li>\n<li><strong>Exp\u00e9rience approfondie des relations avec les prestataires de services de family office tels que les institutions financi\u00e8res, les conseillers juridiques, les cabinets comptables, les auditeurs, etc.<\/strong><\/li>\n<\/ul>\n<p>[\/vc_column_text][\/vc_column_inner][\/vc_row_inner][\/vc_column][\/vc_row][vc_row css=\u00a0\u00bb.vc_custom_1636633412508{background-color: #fc6d39 !important;}\u00a0\u00bb el_id=\u00a0\u00bbgovernance-services\u00a0\u00bb][vc_column][vc_single_image image=\u00a0\u00bb356&Prime; img_size=\u00a0\u00bbfull\u00a0\u00bb el_class=\u00a0\u00bbservices-logo\u00a0\u00bb][vc_row_inner el_class=\u00a0\u00bbdsp-flex\u00a0\u00bb][vc_column_inner width=\u00a0\u00bb1\/4&Prime;][vc_custom_heading text=\u00a0\u00bbServices de gouvernance\u00a0\u00bb font_container=\u00a0\u00bbtag:h3|text_align:left|color:%23ffffff\u00a0\u00bb use_theme_fonts=\u00a0\u00bbyes\u00a0\u00bb el_class=\u00a0\u00bbservices-title\u00a0\u00bb][\/vc_column_inner][vc_column_inner width=\u00a0\u00bb3\/4&Prime;][vc_column_text el_class=\u00a0\u00bbtext-white horizontal-separator white\u00a0\u00bb css=\u00a0\u00bb.vc_custom_1636561539727{margin-bottom: 0px !important;}\u00a0\u00bb]Nous soutenons la coordination et la gestion de toutes les composantes du patrimoine familial en faisant partie de l\u2019\u00e9quipe internationale de conseillers de nos clients.[\/vc_column_text][\/vc_column_inner][\/vc_row_inner][vc_column_text el_class=\u00a0\u00bbtext-white custom-mg\u00a0\u00bb]Gr\u00e2ce \u00e0 notre \u00e9quipe interne d\u2019experts et \u00e0 nos collaborateurs, nous vous accompagnons dans les domaines suivants :[\/vc_column_text][vc_row_inner el_class=\u00a0\u00bblist-of-services-white white-bullets\u00a0\u00bb][vc_column_inner width=\u00a0\u00bb1\/2&Prime;][vc_column_text css=\u00a0\u00bb.vc_custom_1636629091589{margin-bottom: 0px !important;}\u00a0\u00bb]<\/p>\n<ul>\n<li>La gouvernance familiale<\/li>\n<li>L\u2019alignement des principes et des objectifs de la famille<\/li>\n<li>Le soutien et la coordination des partenaires cl\u00e9s<\/li>\n<li>Les services sp\u00e9cialis\u00e9s de gouvernance d\u2019investissement<\/li>\n<li>Gouvernance op\u00e9rationnelle<\/li>\n<\/ul>\n<p>[\/vc_column_text][\/vc_column_inner][vc_column_inner width=\u00a0\u00bb1\/2&Prime;][vc_column_text css=\u00a0\u00bb.vc_custom_1636629095709{margin-bottom: 0px !important;}\u00a0\u00bb]<\/p>\n<ul>\n<li>Structuration de la charte familiale<\/li>\n<li>Mise en \u0153uvre et \u00e9valuation du conseil des familles<\/li>\n<li>D\u00e9finition des politiques et des proc\u00e9dures de gouvernance<\/li>\n<li>Accords et structures juridiques<\/li>\n<li>Planification de la succession pour les g\u00e9n\u00e9rations futures<\/li>\n<\/ul>\n<p>[\/vc_column_text][\/vc_column_inner][\/vc_row_inner][\/vc_column][\/vc_row][vc_row el_id=\u00a0\u00bbfund-services\u00a0\u00bb][vc_column][vc_single_image image=\u00a0\u00bb16&Prime; img_size=\u00a0\u00bbfull\u00a0\u00bb el_class=\u00a0\u00bbservices-logo\u00a0\u00bb][vc_row_inner el_class=\u00a0\u00bbdsp-flex\u00a0\u00bb][vc_column_inner width=\u00a0\u00bb1\/4&Prime;][vc_custom_heading text=\u00a0\u00bbServices de fonds et de surveillance de l\u2019entreprise\u00a0\u00bb font_container=\u00a0\u00bbtag:h3|text_align:left|color:%23fc6d39&Prime; use_theme_fonts=\u00a0\u00bbyes\u00a0\u00bb el_class=\u00a0\u00bbservices-title\u00a0\u00bb][\/vc_column_inner][vc_column_inner width=\u00a0\u00bb3\/4&Prime;][vc_column_text el_class=\u00a0\u00bbdark-green horizontal-separator darkgreen\u00a0\u00bb css=\u00a0\u00bb.vc_custom_1636562605123{margin-bottom: 0px !important;}\u00a0\u00bb]<strong>Nous nous effor\u00e7ons d\u2019offrir le plus haut niveau de service par le biais d\u2019un r\u00e9seau de professionnels couvrant les principaux domiciles mondiaux de soci\u00e9t\u00e9s, de fiduciaires et de fonds, y compris le Royaume-Uni, le Luxembourg et la Suisse.<\/strong>[\/vc_column_text][\/vc_column_inner][\/vc_row_inner][vc_column_text el_class=\u00a0\u00bbtext-orange custom-mg\u00a0\u00bb]<strong>Notre \u00e9quipe croissante de professionnels tr\u00e8s exp\u00e9riment\u00e9s d\u00e9veloppe, int\u00e8gre et met en \u0153uvre des solutions du point de vue d\u2019un gestionnaire, mais elle reste toujours attentive aux pr\u00e9occupations de l\u2019investisseur.<\/strong>[\/vc_column_text][vc_column_text el_class=\u00a0\u00bbtext-orange custom-mg\u00a0\u00bb]<strong>L\u2019expertise de notre \u00e9quipe luxembourgeoise et les services \u00e0 valeur ajout\u00e9e qu\u2019elle offre \u00e0 ses clients couvrent plusieurs types de fonds et de structures juridiques :<\/strong>[\/vc_column_text][vc_row_inner el_class=\u00a0\u00bblist-of-services-green\u00a0\u00bb][vc_column_inner width=\u00a0\u00bb1\/2&Prime;][vc_column_text css=\u00a0\u00bb.vc_custom_1636629102198{margin-bottom: 0px !important;}\u00a0\u00bb]<\/p>\n<ul>\n<li><strong>OPCVM (Organismes de Placement Collectif en Valeurs Mobili\u00e8res). Les OPCVM fournissent un cadre r\u00e9glementaire europ\u00e9en unique pour un v\u00e9hicule d\u2019investissement, ce qui signifie qu\u2019il est possible de commercialiser le v\u00e9hicule dans toute l\u2019UE sans se soucier du pays dans lequel il est domicili\u00e9. Il convient parfaitement aux fonds publics et est con\u00e7u pour renforcer le march\u00e9 unique tout en maintenant des niveaux \u00e9lev\u00e9s de protection des investisseurs. Les fonds OPCVM ont \u00e9galement eu du succ\u00e8s en Asie et en Am\u00e9rique latine parce que le \u00ab\u00a0label\u00a0\u00bb OPCVM permet aux investisseurs de s\u2019assurer que certaines exigences r\u00e9glementaires et de protection des investisseurs ont \u00e9t\u00e9 respect\u00e9es.<br \/>\n<\/strong><\/li>\n<\/ul>\n<p>[\/vc_column_text][\/vc_column_inner][vc_column_inner width=\u00a0\u00bb1\/2&Prime;][vc_column_text css=\u00a0\u00bb.vc_custom_1636629107518{margin-bottom: 0px !important;}\u00a0\u00bb]<\/p>\n<ul>\n<li><strong>Fonds alternatifs<\/strong><\/li>\n<li><strong>Fonds sp\u00e9culatifs, fonds immobiliers, fonds de capital-investissement et fonds de dette priv\u00e9e<\/strong><\/li>\n<li><strong>V\u00e9hicules de titrisation<\/strong><\/li>\n<li><strong>Structures d\u2019entit\u00e9s juridiques pour les fonds publics et priv\u00e9s, notamment :<\/strong>\n<ul>\n<li><strong>Soci\u00e9t\u00e9s de capitaux \/ Soci\u00e9t\u00e9s holding (Sarl, SCA, SA)<\/strong><\/li>\n<li><strong>Partenariats (SCS et SCSp)<\/strong><\/li>\n<li><strong>Structures de fonds (SICAV, SIF et RAIF)<\/strong><\/li>\n<\/ul>\n<\/li>\n<\/ul>\n<p>[\/vc_column_text][\/vc_column_inner][\/vc_row_inner][vc_column_text el_class=\u00a0\u00bbdark-green custom-mg\u00a0\u00bb]<strong>Nous nous effor\u00e7ons de fournir des services \u00e0 valeur ajout\u00e9e et de concevoir des solutions flexibles et sur mesure pour les professionnels de l\u2019investissement et de la gestion d\u2019actifs, afin de leur permettre de se concentrer sur leurs fonctions principales. Les gestionnaires qui travaillent avec notre \u00e9quipe b\u00e9n\u00e9ficient de l\u2019expertise collective et en retirent une valeur quantifiable.<\/strong>[\/vc_column_text][vc_column_text el_class=\u00a0\u00bbdark-green custom-mg\u00a0\u00bb]<strong>Alors qu\u2019un administrateur individuel est choisi pour sa perspicacit\u00e9 en mati\u00e8re de gouvernance d\u2019entreprise, l\u2019exp\u00e9rience collective de notre \u00e9quipe est souvent s\u00e9lectionn\u00e9e pour aider les gestionnaires d\u2019investissement\/de patrimoine \u00e0 relever les d\u00e9fis et dans les situations de gestion de crise afin de trouver la meilleure solution possible pour le fonds et ses parties prenantes.<\/strong>[\/vc_column_text][vc_column_text el_class=\u00a0\u00bbdark-green custom-mg\u00a0\u00bb]<strong>Forte de son exp\u00e9rience au sein de grandes institutions, l\u2019\u00e9quipe d\u2019UMA Group fait preuve de professionnalisme et d\u2019enthousiasme afin d\u2019offrir une exp\u00e9rience client personnalis\u00e9e au gestionnaire d\u2019investissement et \u00e0 ses diff\u00e9rentes parties prenantes.<\/strong>[\/vc_column_text][\/vc_column][\/vc_row]<\/p>\n","protected":false},"excerpt":{"rendered":"<p>[vc_row foundry_padding=\u00a0\u00bbpt0 pb0&Prime;][vc_column][\/vc_column][\/vc_row][vc_row foundry_padding=\u00a0\u00bbpt0 pb0&Prime; el_class=\u00a0\u00bbsec-pd-top\u00a0\u00bb][vc_column][vc_row_inner el_class=\u00a0\u00bbalg-center\u00a0\u00bb css=\u00a0\u00bb.vc_custom_1635772523775{margin-bottom: 60px !important;}\u00a0\u00bb][vc_column_inner][vc_custom_heading text=\u00a0\u00bbNos services\u00a0\u00bb font_container=\u00a0\u00bbtag:h3|text_align:center|color:%23053331&Prime; use_theme_fonts=\u00a0\u00bbyes\u00a0\u00bb css_animation=\u00a0\u00bbfadeInUpBig\u00a0\u00bb el_class=\u00a0\u00bborange-underline\u00a0\u00bb][\/vc_column_inner][\/vc_row_inner][vc_column_text css=\u00a0\u00bb.vc_custom_1636556304808{margin-bottom: 0px !important;}\u00a0\u00bb el_class=\u00a0\u00bbdark-green mx-width\u00a0\u00bb]&#8230;<\/p>\n","protected":false},"author":1,"featured_media":0,"parent":0,"menu_order":0,"comment_status":"closed","ping_status":"closed","template":"","meta":{"footnotes":""},"class_list":["post-3620","page","type-page","status-publish","hentry"],"_links":{"self":[{"href":"https:\/\/www.umawealth.com\/fr\/wp-json\/wp\/v2\/pages\/3620","targetHints":{"allow":["GET"]}}],"collection":[{"href":"https:\/\/www.umawealth.com\/fr\/wp-json\/wp\/v2\/pages"}],"about":[{"href":"https:\/\/www.umawealth.com\/fr\/wp-json\/wp\/v2\/types\/page"}],"author":[{"embeddable":true,"href":"https:\/\/www.umawealth.com\/fr\/wp-json\/wp\/v2\/users\/1"}],"replies":[{"embeddable":true,"href":"https:\/\/www.umawealth.com\/fr\/wp-json\/wp\/v2\/comments?post=3620"}],"version-history":[{"count":10,"href":"https:\/\/www.umawealth.com\/fr\/wp-json\/wp\/v2\/pages\/3620\/revisions"}],"predecessor-version":[{"id":5162,"href":"https:\/\/www.umawealth.com\/fr\/wp-json\/wp\/v2\/pages\/3620\/revisions\/5162"}],"wp:attachment":[{"href":"https:\/\/www.umawealth.com\/fr\/wp-json\/wp\/v2\/media?parent=3620"}],"curies":[{"name":"wp","href":"https:\/\/api.w.org\/{rel}","templated":true}]}}